{"id":870,"date":"2020-11-05T19:33:20","date_gmt":"2020-11-05T19:33:20","guid":{"rendered":"https:\/\/startertemplatecloud.com\/e06\/?page_id=870"},"modified":"2022-03-16T13:59:33","modified_gmt":"2022-03-16T13:59:33","slug":"hakkimizda","status":"publish","type":"page","link":"https:\/\/eksenbir-insaat.com.tr\/public_html\/hakkimizda\/","title":{"rendered":"Hakk\u0131m\u0131zda"},"content":{"rendered":"\t\t<div data-elementor-type=\"wp-page\" data-elementor-id=\"870\" class=\"elementor elementor-870\" data-elementor-settings=\"[]\">\n\t\t\t\t\t\t\t<div class=\"elementor-section-wrap\">\n\t\t\t\t\t\t\t<section class=\"elementor-section elementor-top-section elementor-element elementor-element-4af3b25 elementor-section-height-full elementor-section-boxed elementor-section-height-default elementor-section-items-middle\" data-id=\"4af3b25\" data-element_type=\"section\" data-settings=\"{&quot;background_background&quot;:&quot;gradient&quot;}\">\n\t\t\t\t\t\t\t<div class=\"elementor-background-overlay\"><\/div>\n\t\t\t\t\t\t\t<div class=\"elementor-container elementor-column-gap-default\">\n\t\t\t\t\t<div class=\"elementor-column elementor-col-100 elementor-top-column elementor-element elementor-element-76ea0fb\" data-id=\"76ea0fb\" data-element_type=\"column\">\n\t\t\t<div class=\"elementor-widget-wrap elementor-element-populated\">\n\t\t\t\t\t\t\t\t<section class=\"elementor-section elementor-inner-section elementor-element elementor-element-fa3fd28 elementor-section-boxed elementor-section-height-default elementor-section-height-default\" data-id=\"fa3fd28\" data-element_type=\"section\">\n\t\t\t\t\t\t<div class=\"elementor-container elementor-column-gap-default\">\n\t\t\t\t\t<div class=\"elementor-column elementor-col-100 elementor-inner-column elementor-element elementor-element-750777c\" data-id=\"750777c\" data-element_type=\"column\">\n\t\t\t<div class=\"elementor-widget-wrap elementor-element-populated\">\n\t\t\t\t\t\t\t\t<div class=\"elementor-element elementor-element-2950a59 elementor-widget elementor-widget-heading\" data-id=\"2950a59\" data-element_type=\"widget\" data-widget_type=\"heading.default\">\n\t\t\t\t<div class=\"elementor-widget-container\">\n\t\t\t<span class=\"elementor-heading-title elementor-size-default\">Biz Kimiz?<\/span>\t\t<\/div>\n\t\t\t\t<\/div>\n\t\t\t\t<div class=\"elementor-element elementor-element-006c49a elementor-widget elementor-widget-heading\" data-id=\"006c49a\" data-element_type=\"widget\" data-widget_type=\"heading.default\">\n\t\t\t\t<div class=\"elementor-widget-container\">\n\t\t\t<h2 class=\"elementor-heading-title elementor-size-default\">Hakk\u0131m\u0131zda<\/h2>\t\t<\/div>\n\t\t\t\t<\/div>\n\t\t\t\t<div class=\"elementor-element elementor-element-ad4c4c2 elementor-widget elementor-widget-text-editor\" data-id=\"ad4c4c2\" data-element_type=\"widget\" data-widget_type=\"text-editor.default\">\n\t\t\t\t<div class=\"elementor-widget-container\">\n\t\t\t\t\t\t\t<p>Eksenbir \u0130n\u015faat &amp; Taahh\u00fct 2015 y\u0131l\u0131nda Ankara\u2019da kurulmu\u015f ve T\u00fcrkiye ba\u015fta olmak \u00fczere t\u00fcm kamusal ve \u00f6zel kurulu\u015flar\u0131n sekt\u00f6re dair t\u00fcm gereksinimlerini ilk elden tedarik ederek sekt\u00f6r\u00fcn \u00f6nde gelen \u00e7\u00f6z\u00fcm orta\u011f\u0131 olmaya devam etmektedir.<\/p>\t\t\t\t\t\t<\/div>\n\t\t\t\t<\/div>\n\t\t\t\t<div class=\"elementor-element elementor-element-9d64528 elementor-widget__width-initial elementor-absolute elementor-widget elementor-widget-image\" data-id=\"9d64528\" data-element_type=\"widget\" data-settings=\"{&quot;_position&quot;:&quot;absolute&quot;}\" data-widget_type=\"image.default\">\n\t\t\t\t<div class=\"elementor-widget-container\">\n\t\t\t\t\t\t\t\t\t\t\t\t\t\t\t<img decoding=\"async\" src=\"http:\/\/eksenbir-insaat.com.tr\/public_html\/wp-content\/uploads\/2020\/11\/dots-2.png\" title=\"\" alt=\"\" \/>\t\t\t\t\t\t\t\t\t\t\t\t\t\t\t<\/div>\n\t\t\t\t<\/div>\n\t\t\t\t\t<\/div>\n\t\t<\/div>\n\t\t\t\t\t\t\t<\/div>\n\t\t<\/section>\n\t\t\t\t<section class=\"elementor-section elementor-inner-section elementor-element elementor-element-6cb7d8dd elementor-section-boxed elementor-section-height-default elementor-section-height-default\" data-id=\"6cb7d8dd\" data-element_type=\"section\">\n\t\t\t\t\t\t<div class=\"elementor-container elementor-column-gap-default\">\n\t\t\t\t\t<div class=\"elementor-column elementor-col-100 elementor-inner-column elementor-element elementor-element-68c74d48\" data-id=\"68c74d48\" data-element_type=\"column\" data-settings=\"{&quot;background_background&quot;:&quot;classic&quot;}\">\n\t\t\t<div class=\"elementor-widget-wrap elementor-element-populated\">\n\t\t\t\t\t\t\t\t<div class=\"elementor-element elementor-element-77bd0145 elementor-align-center elementor-widget elementor-widget-button\" data-id=\"77bd0145\" data-element_type=\"widget\" data-widget_type=\"button.default\">\n\t\t\t\t<div class=\"elementor-widget-container\">\n\t\t\t\t\t<div class=\"elementor-button-wrapper\">\n\t\t\t<a href=\"http:\/\/eksenbir-insaat.com.tr\/public_html\/iletisim\/\" class=\"elementor-button-link elementor-button elementor-size-lg\" role=\"button\">\n\t\t\t\t\t\t<span class=\"elementor-button-content-wrapper\">\n\t\t\t\t\t\t<span class=\"elementor-button-text\">Bize Ula\u015f\u0131n<\/span>\n\t\t<\/span>\n\t\t\t\t\t<\/a>\n\t\t<\/div>\n\t\t\t\t<\/div>\n\t\t\t\t<\/div>\n\t\t\t\t<div class=\"elementor-element elementor-element-2fd38c25 elementor-widget elementor-widget-text-editor\" data-id=\"2fd38c25\" data-element_type=\"widget\" data-widget_type=\"text-editor.default\">\n\t\t\t\t<div class=\"elementor-widget-container\">\n\t\t\t\t\t\t\t<p>\u015eirket merkezi Ankara\u2019da bulunan Eksenbir b\u00fcnyesinde bar\u0131nd\u0131rd\u0131\u011f\u0131 uzman kadrosu ve sekt\u00f6re dair edindi\u011fi geni\u015f \u00fcr\u00fcn yelpazesi sayesinde \u00fclkemizin t\u00fcm b\u00f6lgelerine geni\u015f \u00fcr\u00fcn \u00e7e\u015fitlili\u011fini sunarak portf\u00f6y\u00fcn\u00fc geni\u015fletmektedir.<\/p><p>Uzun y\u0131llard\u0131r b\u00fcnyemizde \u00e7al\u0131\u015fan, her biri alan\u0131nda deneyimli ve uzman kadromuz sayesinde talep ve isteklerinize en h\u0131zl\u0131 d\u00f6n\u00fc\u015fleri yap\u0131yor, en do\u011fru \u00fcr\u00fcn tedari\u011fini sa\u011fl\u0131yor ve g\u00fcvenilir i\u015f orta\u011f\u0131n\u0131z olmay\u0131 s\u00fcrd\u00fcrmeye devam ediyoruz.<\/p>\t\t\t\t\t\t<\/div>\n\t\t\t\t<\/div>\n\t\t\t\t\t<\/div>\n\t\t<\/div>\n\t\t\t\t\t\t\t<\/div>\n\t\t<\/section>\n\t\t\t\t\t<\/div>\n\t\t<\/div>\n\t\t\t\t\t\t\t<\/div>\n\t\t<\/section>\n\t\t\t\t<section class=\"elementor-section elementor-top-section elementor-element elementor-element-9c8c5d8 elementor-section-boxed elementor-section-height-default elementor-section-height-default\" data-id=\"9c8c5d8\" data-element_type=\"section\">\n\t\t\t\t\t\t<div class=\"elementor-container elementor-column-gap-default\">\n\t\t\t\t\t<div class=\"elementor-column elementor-col-100 elementor-top-column elementor-element elementor-element-060ac66\" data-id=\"060ac66\" data-element_type=\"column\">\n\t\t\t<div class=\"elementor-widget-wrap elementor-element-populated\">\n\t\t\t\t\t\t\t\t<div class=\"elementor-element elementor-element-881e963 elementor-widget elementor-widget-image\" data-id=\"881e963\" data-element_type=\"widget\" data-widget_type=\"image.default\">\n\t\t\t\t<div class=\"elementor-widget-container\">\n\t\t\t\t\t\t\t\t\t\t\t\t\t\t\t<img loading=\"lazy\" decoding=\"async\" width=\"1024\" height=\"614\" src=\"https:\/\/eksenbir-insaat.com.tr\/public_html\/wp-content\/uploads\/2018\/10\/cropped-ana-sayfa-giri\u015f-g\u00f6rsel-enyeni-2-1024x614.jpg\" class=\"attachment-large size-large\" alt=\"\" srcset=\"https:\/\/eksenbir-insaat.com.tr\/public_html\/wp-content\/uploads\/2018\/10\/cropped-ana-sayfa-giri\u015f-g\u00f6rsel-enyeni-2-1024x614.jpg 1024w, https:\/\/eksenbir-insaat.com.tr\/public_html\/wp-content\/uploads\/2018\/10\/cropped-ana-sayfa-giri\u015f-g\u00f6rsel-enyeni-2-300x180.jpg 300w, https:\/\/eksenbir-insaat.com.tr\/public_html\/wp-content\/uploads\/2018\/10\/cropped-ana-sayfa-giri\u015f-g\u00f6rsel-enyeni-2-768x461.jpg 768w, https:\/\/eksenbir-insaat.com.tr\/public_html\/wp-content\/uploads\/2018\/10\/cropped-ana-sayfa-giri\u015f-g\u00f6rsel-enyeni-2.jpg 2000w\" sizes=\"auto, (max-width: 1024px) 100vw, 1024px\" \/>\t\t\t\t\t\t\t\t\t\t\t\t\t\t\t<\/div>\n\t\t\t\t<\/div>\n\t\t\t\t\t<\/div>\n\t\t<\/div>\n\t\t\t\t\t\t\t<\/div>\n\t\t<\/section>\n\t\t\t\t<section class=\"elementor-section elementor-top-section elementor-element elementor-element-4556b23 elementor-section-boxed elementor-section-height-default elementor-section-height-default\" data-id=\"4556b23\" data-element_type=\"section\">\n\t\t\t\t\t\t<div class=\"elementor-container elementor-column-gap-default\">\n\t\t\t\t\t<div class=\"elementor-column elementor-col-100 elementor-top-column elementor-element elementor-element-ec71770\" data-id=\"ec71770\" data-element_type=\"column\">\n\t\t\t<div class=\"elementor-widget-wrap elementor-element-populated\">\n\t\t\t\t\t\t\t\t<div class=\"elementor-element elementor-element-c071fcd elementor-widget elementor-widget-heading\" data-id=\"c071fcd\" data-element_type=\"widget\" data-widget_type=\"heading.default\">\n\t\t\t\t<div class=\"elementor-widget-container\">\n\t\t\t<span class=\"elementor-heading-title elementor-size-default\">Nas\u0131l Yap\u0131yoruz?<\/span>\t\t<\/div>\n\t\t\t\t<\/div>\n\t\t\t\t<div class=\"elementor-element elementor-element-bf3ca32 elementor-widget elementor-widget-heading\" data-id=\"bf3ca32\" data-element_type=\"widget\" data-widget_type=\"heading.default\">\n\t\t\t\t<div class=\"elementor-widget-container\">\n\t\t\t<h2 class=\"elementor-heading-title elementor-size-default\">Vizyonumuz ve Misyonumuz<\/h2>\t\t<\/div>\n\t\t\t\t<\/div>\n\t\t\t\t\t<\/div>\n\t\t<\/div>\n\t\t\t\t\t\t\t<\/div>\n\t\t<\/section>\n\t\t\t\t<section class=\"elementor-section elementor-top-section elementor-element elementor-element-711d00cd elementor-section-content-middle elementor-section-boxed elementor-section-height-default elementor-section-height-default\" data-id=\"711d00cd\" data-element_type=\"section\" data-settings=\"{&quot;background_background&quot;:&quot;classic&quot;}\">\n\t\t\t\t\t\t<div class=\"elementor-container elementor-column-gap-no\">\n\t\t\t\t\t<div class=\"elementor-column elementor-col-100 elementor-top-column elementor-element elementor-element-2a4baf04\" data-id=\"2a4baf04\" data-element_type=\"column\">\n\t\t\t<div class=\"elementor-widget-wrap elementor-element-populated\">\n\t\t\t\t\t\t\t\t<section class=\"elementor-section elementor-inner-section elementor-element elementor-element-1e45dd21 elementor-section-boxed elementor-section-height-default elementor-section-height-default\" data-id=\"1e45dd21\" data-element_type=\"section\">\n\t\t\t\t\t\t<div class=\"elementor-container elementor-column-gap-default\">\n\t\t\t\t\t<div class=\"elementor-column elementor-col-50 elementor-inner-column elementor-element elementor-element-490df4f\" data-id=\"490df4f\" data-element_type=\"column\">\n\t\t\t<div class=\"elementor-widget-wrap elementor-element-populated\">\n\t\t\t\t\t\t\t\t<div class=\"elementor-element elementor-element-48e280f1 elementor-widget elementor-widget-text-editor\" data-id=\"48e280f1\" data-element_type=\"widget\" data-widget_type=\"text-editor.default\">\n\t\t\t\t<div class=\"elementor-widget-container\">\n\t\t\t\t\t\t\t<p><strong>V\u0130ZYONUMUZ<\/strong><\/p><p>T\u00fcm T\u00fcrkiye, Avrupa ve Ortado\u011fu s\u0131n\u0131rlar\u0131na kadar geni\u015fletti\u011fimiz bayilik a\u011f\u0131m\u0131z ile bili\u015fim sekt\u00f6r\u00fcndeki t\u00fcm kollar\u0131 b\u00fct\u00fcnleyici anlay\u0131\u015f\u0131m\u0131z sayesinde bir araya getirdi\u011fimiz sekt\u00f6r\u00fcn en \u00f6nde gelen teknoloji \u015firketi olmak birincil amac\u0131m\u0131z.<\/p>\t\t\t\t\t\t<\/div>\n\t\t\t\t<\/div>\n\t\t\t\t\t<\/div>\n\t\t<\/div>\n\t\t\t\t<div class=\"elementor-column elementor-col-50 elementor-inner-column elementor-element elementor-element-5c9fd95c\" data-id=\"5c9fd95c\" data-element_type=\"column\">\n\t\t\t<div class=\"elementor-widget-wrap elementor-element-populated\">\n\t\t\t\t\t\t\t\t<div class=\"elementor-element elementor-element-6760489a elementor-widget elementor-widget-text-editor\" data-id=\"6760489a\" data-element_type=\"widget\" data-widget_type=\"text-editor.default\">\n\t\t\t\t<div class=\"elementor-widget-container\">\n\t\t\t\t\t\t\t<p><strong>M\u0130SYONUMUZ<\/strong><\/p><p>2015 y\u0131l\u0131ndan g\u00fcn\u00fcm\u00fcze dek sekt\u00f6r\u00fcn parlayan y\u0131ld\u0131z\u0131 olarak sorunsuz i\u015f bitimi hedefleyen t\u00fcm \u00f6zel ve kamu firmalar\u0131na g\u00fcvenilir ve \u00e7\u00f6z\u00fcm odakl\u0131 yakla\u015f\u0131m\u0131m\u0131z ile hizmet sunmaktay\u0131z. Nitelikli proje ortakl\u0131klar\u0131m\u0131z ve ileri g\u00f6r\u00fc\u015fl\u00fc y\u00f6netim birimimiz sayesinde sekt\u00f6rdeki yenilikleri hep bir ad\u0131m \u00f6nden takip ederek var olan g\u00fcc\u00fcm\u00fcze g\u00fc\u00e7 katmakta ve s\u00f6z sahibi oldu\u011fumuz ba\u015far\u0131 dolu bu yolda sizlere \u00e7\u00f6z\u00fcm ortakl\u0131\u011f\u0131 sunmaya devam etmekteyiz.<\/p>\t\t\t\t\t\t<\/div>\n\t\t\t\t<\/div>\n\t\t\t\t\t<\/div>\n\t\t<\/div>\n\t\t\t\t\t\t\t<\/div>\n\t\t<\/section>\n\t\t\t\t\t<\/div>\n\t\t<\/div>\n\t\t\t\t\t\t\t<\/div>\n\t\t<\/section>\n\t\t\t\t\t\t<\/div>\n\t\t\t\t\t<\/div>\n\t\t","protected":false},"excerpt":{"rendered":"<p>Biz Kimiz? Hakk\u0131m\u0131zda Eksenbir \u0130n\u015faat &amp; Taahh\u00fct 2015 y\u0131l\u0131nda Ankara\u2019da kurulmu\u015f ve T\u00fcrkiye ba\u015fta olmak \u00fczere t\u00fcm kamusal ve \u00f6zel kurulu\u015flar\u0131n sekt\u00f6re dair t\u00fcm gereksinimlerini ilk elden tedarik ederek sekt\u00f6r\u00fcn \u00f6nde gelen \u00e7\u00f6z\u00fcm orta\u011f\u0131 olmaya devam etmektedir. Bize Ula\u015f\u0131n \u015eirket merkezi Ankara\u2019da bulunan Eksenbir b\u00fcnyesinde bar\u0131nd\u0131rd\u0131\u011f\u0131 uzman kadrosu ve sekt\u00f6re dair edindi\u011fi geni\u015f \u00fcr\u00fcn yelpazesi&#8230;<\/p>\n","protected":false},"author":1,"featured_media":0,"parent":0,"menu_order":0,"comment_status":"closed","ping_status":"closed","template":"elementor_header_footer","meta":{"_kad_post_transparent":"","_kad_post_title":"hide","_kad_post_layout":"fullwidth","_kad_post_sidebar_id":"","_kad_post_content_style":"unboxed","_kad_post_vertical_padding":"hide","_kad_post_feature":"hide","_kad_post_feature_position":"","_kad_post_header":false,"_kad_post_footer":false,"footnotes":""},"class_list":["post-870","page","type-page","status-publish","hentry"],"_links":{"self":[{"href":"https:\/\/eksenbir-insaat.com.tr\/public_html\/wp-json\/wp\/v2\/pages\/870","targetHints":{"allow":["GET"]}}],"collection":[{"href":"https:\/\/eksenbir-insaat.com.tr\/public_html\/wp-json\/wp\/v2\/pages"}],"about":[{"href":"https:\/\/eksenbir-insaat.com.tr\/public_html\/wp-json\/wp\/v2\/types\/page"}],"author":[{"embeddable":true,"href":"https:\/\/eksenbir-insaat.com.tr\/public_html\/wp-json\/wp\/v2\/users\/1"}],"replies":[{"embeddable":true,"href":"https:\/\/eksenbir-insaat.com.tr\/public_html\/wp-json\/wp\/v2\/comments?post=870"}],"version-history":[{"count":44,"href":"https:\/\/eksenbir-insaat.com.tr\/public_html\/wp-json\/wp\/v2\/pages\/870\/revisions"}],"predecessor-version":[{"id":2187,"href":"https:\/\/eksenbir-insaat.com.tr\/public_html\/wp-json\/wp\/v2\/pages\/870\/revisions\/2187"}],"wp:attachment":[{"href":"https:\/\/eksenbir-insaat.com.tr\/public_html\/wp-json\/wp\/v2\/media?parent=870"}],"curies":[{"name":"wp","href":"https:\/\/api.w.org\/{rel}","templated":true}]}}