{"id":2227,"date":"2022-03-18T07:56:19","date_gmt":"2022-03-18T07:56:19","guid":{"rendered":"http:\/\/eksenbir-insaat.com.tr\/public_html\/?page_id=2227"},"modified":"2022-03-18T08:04:38","modified_gmt":"2022-03-18T08:04:38","slug":"videowall","status":"publish","type":"page","link":"https:\/\/eksenbir-insaat.com.tr\/public_html\/videowall\/","title":{"rendered":"Videowall Sistemleri"},"content":{"rendered":"\t\t<div data-elementor-type=\"wp-page\" data-elementor-id=\"2227\" class=\"elementor elementor-2227\" data-elementor-settings=\"[]\">\n\t\t\t\t\t\t\t<div class=\"elementor-section-wrap\">\n\t\t\t\t\t\t\t<section class=\"elementor-section elementor-top-section elementor-element elementor-element-15fffc88 elementor-section-height-min-height elementor-section-boxed elementor-section-height-default elementor-section-items-middle\" data-id=\"15fffc88\" data-element_type=\"section\" data-settings=\"{&quot;background_background&quot;:&quot;classic&quot;,&quot;shape_divider_top&quot;:&quot;opacity-tilt&quot;}\">\n\t\t\t\t\t\t\t<div class=\"elementor-background-overlay\"><\/div>\n\t\t\t\t\t\t<div class=\"elementor-shape elementor-shape-top\" data-negative=\"false\">\n\t\t\t<svg xmlns=\"http:\/\/www.w3.org\/2000\/svg\" viewBox=\"0 0 2600 131.1\" preserveAspectRatio=\"none\">\n\t<path class=\"elementor-shape-fill\" d=\"M0 0L2600 0 2600 69.1 0 0z\"\/>\n\t<path class=\"elementor-shape-fill\" style=\"opacity:0.5\" d=\"M0 0L2600 0 2600 69.1 0 69.1z\"\/>\n\t<path class=\"elementor-shape-fill\" style=\"opacity:0.25\" d=\"M2600 0L0 0 0 130.1 2600 69.1z\"\/>\n<\/svg>\t\t<\/div>\n\t\t\t\t\t<div class=\"elementor-container elementor-column-gap-default\">\n\t\t\t\t\t<div class=\"elementor-column elementor-col-100 elementor-top-column elementor-element elementor-element-8f8730a\" data-id=\"8f8730a\" data-element_type=\"column\">\n\t\t\t<div class=\"elementor-widget-wrap elementor-element-populated\">\n\t\t\t\t\t\t\t\t<div class=\"elementor-element elementor-element-35f37c62 elementor-widget elementor-widget-heading\" data-id=\"35f37c62\" data-element_type=\"widget\" data-widget_type=\"heading.default\">\n\t\t\t\t<div class=\"elementor-widget-container\">\n\t\t\t<h2 class=\"elementor-heading-title elementor-size-default\">Videowall \u00c7\u00f6z\u00fcmleri<\/h2>\t\t<\/div>\n\t\t\t\t<\/div>\n\t\t\t\t<div class=\"elementor-element elementor-element-5b769ccd elementor-widget elementor-widget-text-editor\" data-id=\"5b769ccd\" data-element_type=\"widget\" data-widget_type=\"text-editor.default\">\n\t\t\t\t<div class=\"elementor-widget-container\">\n\t\t\t\t\t\t\t<p>Video Wall ekranlarda her sekt\u00f6re y\u00f6nelik \u00e7\u00f6z\u00fcmler sunan MData montaj ve i\u00e7erik a\u015famalar\u0131nda sizlere anahtar teslim sistemler sa\u011flamas\u0131n\u0131n yan\u0131s\u0131ra size en uygun \u00fcr\u00fcn\u00fc se\u00e7meniz i\u00e7in yerinde ke\u015fif ve dan\u0131\u015fmanl\u0131k hizmetleri de vermektedir.<\/p>\t\t\t\t\t\t<\/div>\n\t\t\t\t<\/div>\n\t\t\t\t<div class=\"elementor-element elementor-element-6d2faff2 elementor-align-left elementor-widget elementor-widget-button\" data-id=\"6d2faff2\" data-element_type=\"widget\" data-widget_type=\"button.default\">\n\t\t\t\t<div class=\"elementor-widget-container\">\n\t\t\t\t\t<div class=\"elementor-button-wrapper\">\n\t\t\t<a href=\"http:\/\/eksenbir-insaat.com.tr\/public_html\/iletisim\/\" class=\"elementor-button-link elementor-button elementor-size-sm\" role=\"button\">\n\t\t\t\t\t\t<span class=\"elementor-button-content-wrapper\">\n\t\t\t\t\t\t<span class=\"elementor-button-text\">Detayl\u0131 Bilgi<\/span>\n\t\t<\/span>\n\t\t\t\t\t<\/a>\n\t\t<\/div>\n\t\t\t\t<\/div>\n\t\t\t\t<\/div>\n\t\t\t\t\t<\/div>\n\t\t<\/div>\n\t\t\t\t\t\t\t<\/div>\n\t\t<\/section>\n\t\t\t\t<section class=\"elementor-section elementor-top-section elementor-element elementor-element-549b4c6f elementor-section-content-middle elementor-section-boxed elementor-section-height-default elementor-section-height-default\" data-id=\"549b4c6f\" data-element_type=\"section\">\n\t\t\t\t\t\t<div class=\"elementor-container elementor-column-gap-no\">\n\t\t\t\t\t<div class=\"elementor-column elementor-col-50 elementor-top-column elementor-element elementor-element-5cd8e990\" data-id=\"5cd8e990\" data-element_type=\"column\">\n\t\t\t<div class=\"elementor-widget-wrap elementor-element-populated\">\n\t\t\t\t\t\t\t\t<div class=\"elementor-element elementor-element-335ab0cf elementor-view-default elementor-vertical-align-top elementor-widget elementor-widget-icon-box\" data-id=\"335ab0cf\" data-element_type=\"widget\" data-widget_type=\"icon-box.default\">\n\t\t\t\t<div class=\"elementor-widget-container\">\n\t\t\t\t\t<div class=\"elementor-icon-box-wrapper\">\n\t\t\t\t\t\t<div class=\"elementor-icon-box-content\">\n\t\t\t\t<h3 class=\"elementor-icon-box-title\">\n\t\t\t\t\t<span  >\n\t\t\t\t\t\t\t\t\t\t\t<\/span>\n\t\t\t\t<\/h3>\n\t\t\t\t\t\t\t\t\t<p class=\"elementor-icon-box-description\">\n\t\t\t\t\t\t\nMData \u00fcr\u00fcnlerinizi ya da markan\u0131z\u0131 etkileyici b\u00fcy\u00fckl\u00fckte g\u00f6r\u00fcnt\u00fclerle tan\u0131tmak istedi\u011finiz her noktada video wall \u00e7\u00f6z\u00fcmlerini geli\u015fmi\u015f yaz\u0131l\u0131mlar ile birle\u015ftirerek sizlere sunuyor. AVM, kurumsal binalar, etkinlik ve organizasyonlar\u0131n b\u00fcy\u00fck, etkileyici, dinamik g\u00f6r\u00fcnt\u00fcleme gereksinimlerine yan\u0131t veren video wall \u00e7\u00f6z\u00fcmleri; boyutlar\u0131 talebe g\u00f6re kurgulanabilen, full HD g\u00f6r\u00fcnt\u00fc kalitesine sahip, ultra ince \u00e7er\u00e7eveli end\u00fcstriyel ekranlardan olu\u015fuyor.\t\t\t\t\t<\/p>\n\t\t\t\t\t\t\t<\/div>\n\t\t<\/div>\n\t\t\t\t<\/div>\n\t\t\t\t<\/div>\n\t\t\t\t\t<\/div>\n\t\t<\/div>\n\t\t\t\t<div class=\"elementor-column elementor-col-50 elementor-top-column elementor-element elementor-element-45fad34f\" data-id=\"45fad34f\" data-element_type=\"column\">\n\t\t\t<div class=\"elementor-widget-wrap elementor-element-populated\">\n\t\t\t\t\t\t\t\t<div class=\"elementor-element elementor-element-6900209c elementor-widget elementor-widget-image\" data-id=\"6900209c\" data-element_type=\"widget\" data-widget_type=\"image.default\">\n\t\t\t\t<div class=\"elementor-widget-container\">\n\t\t\t\t\t\t\t\t\t\t\t\t\t\t\t<img loading=\"lazy\" decoding=\"async\" width=\"900\" height=\"1200\" src=\"https:\/\/eksenbir-insaat.com.tr\/public_html\/wp-content\/uploads\/2022\/03\/Videowa-01.jpg\" class=\"attachment-full size-full\" alt=\"\" srcset=\"https:\/\/eksenbir-insaat.com.tr\/public_html\/wp-content\/uploads\/2022\/03\/Videowa-01.jpg 900w, https:\/\/eksenbir-insaat.com.tr\/public_html\/wp-content\/uploads\/2022\/03\/Videowa-01-225x300.jpg 225w, https:\/\/eksenbir-insaat.com.tr\/public_html\/wp-content\/uploads\/2022\/03\/Videowa-01-768x1024.jpg 768w\" sizes=\"auto, (max-width: 900px) 100vw, 900px\" \/>\t\t\t\t\t\t\t\t\t\t\t\t\t\t\t<\/div>\n\t\t\t\t<\/div>\n\t\t\t\t\t<\/div>\n\t\t<\/div>\n\t\t\t\t\t\t\t<\/div>\n\t\t<\/section>\n\t\t\t\t\t\t<\/div>\n\t\t\t\t\t<\/div>\n\t\t","protected":false},"excerpt":{"rendered":"<p>Videowall \u00c7\u00f6z\u00fcmleri Video Wall ekranlarda her sekt\u00f6re y\u00f6nelik \u00e7\u00f6z\u00fcmler sunan MData montaj ve i\u00e7erik a\u015famalar\u0131nda sizlere anahtar teslim sistemler sa\u011flamas\u0131n\u0131n yan\u0131s\u0131ra size en uygun \u00fcr\u00fcn\u00fc se\u00e7meniz i\u00e7in yerinde ke\u015fif ve dan\u0131\u015fmanl\u0131k hizmetleri de vermektedir. Detayl\u0131 Bilgi MData \u00fcr\u00fcnlerinizi ya da markan\u0131z\u0131 etkileyici b\u00fcy\u00fckl\u00fckte g\u00f6r\u00fcnt\u00fclerle tan\u0131tmak istedi\u011finiz her noktada video wall \u00e7\u00f6z\u00fcmlerini geli\u015fmi\u015f yaz\u0131l\u0131mlar ile birle\u015ftirerek&#8230;<\/p>\n","protected":false},"author":1,"featured_media":0,"parent":0,"menu_order":0,"comment_status":"closed","ping_status":"closed","template":"","meta":{"_kad_post_transparent":"","_kad_post_title":"hide","_kad_post_layout":"fullwidth","_kad_post_sidebar_id":"","_kad_post_content_style":"unboxed","_kad_post_vertical_padding":"hide","_kad_post_feature":"hide","_kad_post_feature_position":"","_kad_post_header":false,"_kad_post_footer":false,"footnotes":""},"class_list":["post-2227","page","type-page","status-publish","hentry"],"_links":{"self":[{"href":"https:\/\/eksenbir-insaat.com.tr\/public_html\/wp-json\/wp\/v2\/pages\/2227","targetHints":{"allow":["GET"]}}],"collection":[{"href":"https:\/\/eksenbir-insaat.com.tr\/public_html\/wp-json\/wp\/v2\/pages"}],"about":[{"href":"https:\/\/eksenbir-insaat.com.tr\/public_html\/wp-json\/wp\/v2\/types\/page"}],"author":[{"embeddable":true,"href":"https:\/\/eksenbir-insaat.com.tr\/public_html\/wp-json\/wp\/v2\/users\/1"}],"replies":[{"embeddable":true,"href":"https:\/\/eksenbir-insaat.com.tr\/public_html\/wp-json\/wp\/v2\/comments?post=2227"}],"version-history":[{"count":4,"href":"https:\/\/eksenbir-insaat.com.tr\/public_html\/wp-json\/wp\/v2\/pages\/2227\/revisions"}],"predecessor-version":[{"id":2235,"href":"https:\/\/eksenbir-insaat.com.tr\/public_html\/wp-json\/wp\/v2\/pages\/2227\/revisions\/2235"}],"wp:attachment":[{"href":"https:\/\/eksenbir-insaat.com.tr\/public_html\/wp-json\/wp\/v2\/media?parent=2227"}],"curies":[{"name":"wp","href":"https:\/\/api.w.org\/{rel}","templated":true}]}}