{"id":2204,"date":"2022-03-18T07:40:33","date_gmt":"2022-03-18T07:40:33","guid":{"rendered":"http:\/\/eksenbir-insaat.com.tr\/public_html\/?page_id=2204"},"modified":"2022-03-18T08:05:49","modified_gmt":"2022-03-18T08:05:49","slug":"mekanik","status":"publish","type":"page","link":"https:\/\/eksenbir-insaat.com.tr\/public_html\/mekanik\/","title":{"rendered":"Mekanik Sistemler"},"content":{"rendered":"\t\t<div data-elementor-type=\"wp-page\" data-elementor-id=\"2204\" class=\"elementor elementor-2204\" data-elementor-settings=\"[]\">\n\t\t\t\t\t\t\t<div class=\"elementor-section-wrap\">\n\t\t\t\t\t\t\t<section class=\"elementor-section elementor-top-section elementor-element elementor-element-15fffc88 elementor-section-height-min-height elementor-section-boxed elementor-section-height-default elementor-section-items-middle\" data-id=\"15fffc88\" data-element_type=\"section\" data-settings=\"{&quot;background_background&quot;:&quot;classic&quot;,&quot;shape_divider_top&quot;:&quot;opacity-tilt&quot;}\">\n\t\t\t\t\t\t\t<div class=\"elementor-background-overlay\"><\/div>\n\t\t\t\t\t\t<div class=\"elementor-shape elementor-shape-top\" data-negative=\"false\">\n\t\t\t<svg xmlns=\"http:\/\/www.w3.org\/2000\/svg\" viewBox=\"0 0 2600 131.1\" preserveAspectRatio=\"none\">\n\t<path class=\"elementor-shape-fill\" d=\"M0 0L2600 0 2600 69.1 0 0z\"\/>\n\t<path class=\"elementor-shape-fill\" style=\"opacity:0.5\" d=\"M0 0L2600 0 2600 69.1 0 69.1z\"\/>\n\t<path class=\"elementor-shape-fill\" style=\"opacity:0.25\" d=\"M2600 0L0 0 0 130.1 2600 69.1z\"\/>\n<\/svg>\t\t<\/div>\n\t\t\t\t\t<div class=\"elementor-container elementor-column-gap-default\">\n\t\t\t\t\t<div class=\"elementor-column elementor-col-100 elementor-top-column elementor-element elementor-element-8f8730a\" data-id=\"8f8730a\" data-element_type=\"column\">\n\t\t\t<div class=\"elementor-widget-wrap elementor-element-populated\">\n\t\t\t\t\t\t\t\t<div class=\"elementor-element elementor-element-35f37c62 elementor-widget elementor-widget-heading\" data-id=\"35f37c62\" data-element_type=\"widget\" data-widget_type=\"heading.default\">\n\t\t\t\t<div class=\"elementor-widget-container\">\n\t\t\t<h2 class=\"elementor-heading-title elementor-size-default\">Mekanik Sistemler<\/h2>\t\t<\/div>\n\t\t\t\t<\/div>\n\t\t\t\t<div class=\"elementor-element elementor-element-5b769ccd elementor-widget elementor-widget-text-editor\" data-id=\"5b769ccd\" data-element_type=\"widget\" data-widget_type=\"text-editor.default\">\n\t\t\t\t<div class=\"elementor-widget-container\">\n\t\t\t\t\t\t\t<p>Bir yap\u0131da bulunmas\u0131 gereken en \u00f6nemli unsurlar olan \u0131s\u0131 dengeleme, yal\u0131t\u0131m, su tesisat\u0131 ve ar\u0131tma gibi t\u00fcm sistemler g\u00fcvencemiz alt\u0131nda kalite, uygun maliyet ve y\u00fcksek performans ile birle\u015ferek taraf\u0131n\u0131za sunulmaktad\u0131r.<\/p>\t\t\t\t\t\t<\/div>\n\t\t\t\t<\/div>\n\t\t\t\t<div class=\"elementor-element elementor-element-6d2faff2 elementor-align-left elementor-widget elementor-widget-button\" data-id=\"6d2faff2\" data-element_type=\"widget\" data-widget_type=\"button.default\">\n\t\t\t\t<div class=\"elementor-widget-container\">\n\t\t\t\t\t<div class=\"elementor-button-wrapper\">\n\t\t\t<a href=\"http:\/\/eksenbir-insaat.com.tr\/public_html\/iletisim\/\" class=\"elementor-button-link elementor-button elementor-size-sm\" role=\"button\">\n\t\t\t\t\t\t<span class=\"elementor-button-content-wrapper\">\n\t\t\t\t\t\t<span class=\"elementor-button-text\">Detayl\u0131 Bilgi<\/span>\n\t\t<\/span>\n\t\t\t\t\t<\/a>\n\t\t<\/div>\n\t\t\t\t<\/div>\n\t\t\t\t<\/div>\n\t\t\t\t\t<\/div>\n\t\t<\/div>\n\t\t\t\t\t\t\t<\/div>\n\t\t<\/section>\n\t\t\t\t<section class=\"elementor-section elementor-top-section elementor-element elementor-element-549b4c6f elementor-section-content-middle elementor-section-boxed elementor-section-height-default elementor-section-height-default\" data-id=\"549b4c6f\" data-element_type=\"section\">\n\t\t\t\t\t\t<div class=\"elementor-container elementor-column-gap-no\">\n\t\t\t\t\t<div class=\"elementor-column elementor-col-50 elementor-top-column elementor-element elementor-element-5cd8e990\" data-id=\"5cd8e990\" data-element_type=\"column\">\n\t\t\t<div class=\"elementor-widget-wrap elementor-element-populated\">\n\t\t\t\t\t\t\t\t<div class=\"elementor-element elementor-element-335ab0cf elementor-view-default elementor-vertical-align-top elementor-widget elementor-widget-icon-box\" data-id=\"335ab0cf\" data-element_type=\"widget\" data-widget_type=\"icon-box.default\">\n\t\t\t\t<div class=\"elementor-widget-container\">\n\t\t\t\t\t<div class=\"elementor-icon-box-wrapper\">\n\t\t\t\t\t\t<div class=\"elementor-icon-box-content\">\n\t\t\t\t<h3 class=\"elementor-icon-box-title\">\n\t\t\t\t\t<span  >\n\t\t\t\t\t\tHAVALANDIRMA S\u0130STEMLER\u0130\t\t\t\t\t<\/span>\n\t\t\t\t<\/h3>\n\t\t\t\t\t\t\t\t\t<p class=\"elementor-icon-box-description\">\n\t\t\t\t\t\tHavaland\u0131rma \u00c7\u00f6z\u00fcmleri, \u00e7e\u015fitli ortamlar i\u00e7in \u00f6zel havaland\u0131rma sistemleri tasarlar ve \u00fcretir. Havaland\u0131rma teknolojimiz ticari, end\u00fcstriyel ve kamu binalar\u0131nda kullan\u0131lmaktad\u0131r. Di\u011ferlerinin yan\u0131 s\u0131ra \u00f6zellikle Kompozit\/Fiberglass malzemeler primer zehirli astar, laminasyon, kal\u0131plama, ta\u015flama ve z\u0131mpara tozu toplama gibi hava sirk\u00fclasyonu elzem olan ortamlarda y\u00fcksek etkinlik sa\u011flar.\t\t\t\t\t<\/p>\n\t\t\t\t\t\t\t<\/div>\n\t\t<\/div>\n\t\t\t\t<\/div>\n\t\t\t\t<\/div>\n\t\t\t\t<div class=\"elementor-element elementor-element-6e5e3250 elementor-view-default elementor-vertical-align-top elementor-widget elementor-widget-icon-box\" data-id=\"6e5e3250\" data-element_type=\"widget\" data-widget_type=\"icon-box.default\">\n\t\t\t\t<div class=\"elementor-widget-container\">\n\t\t\t\t\t<div class=\"elementor-icon-box-wrapper\">\n\t\t\t\t\t\t<div class=\"elementor-icon-box-content\">\n\t\t\t\t<h3 class=\"elementor-icon-box-title\">\n\t\t\t\t\t<span  >\n\t\t\t\t\t\tISITMA S\u0130STEMLER\u0130\t\t\t\t\t<\/span>\n\t\t\t\t<\/h3>\n\t\t\t\t\t\t\t\t\t<p class=\"elementor-icon-box-description\">\n\t\t\t\t\t\tBina ihtiya\u00e7lar\u0131 g\u00f6z \u00f6n\u00fcne al\u0131nd\u0131\u011f\u0131nda, so\u011fuk hava ko\u015fullar\u0131nda i\u00e7 ortam s\u0131cakl\u0131\u011f\u0131n\u0131 kontrol etmek i\u00e7in \u0131s\u0131tma sistemleri kullan\u0131lmaktad\u0131r. Hava \u015fartlar\u0131na ve bulundu\u011funuz \u00fclkenin sahip oldu\u011fu kaynak t\u00fcrlerine g\u00f6re \u0131s\u0131 \u00fcretim y\u00f6ntemi ve yak\u0131tlar farkl\u0131l\u0131k g\u00f6stermektedir.\t\t\t\t\t<\/p>\n\t\t\t\t\t\t\t<\/div>\n\t\t<\/div>\n\t\t\t\t<\/div>\n\t\t\t\t<\/div>\n\t\t\t\t<div class=\"elementor-element elementor-element-2aad05b elementor-view-default elementor-vertical-align-top elementor-widget elementor-widget-icon-box\" data-id=\"2aad05b\" data-element_type=\"widget\" data-widget_type=\"icon-box.default\">\n\t\t\t\t<div class=\"elementor-widget-container\">\n\t\t\t\t\t<div class=\"elementor-icon-box-wrapper\">\n\t\t\t\t\t\t<div class=\"elementor-icon-box-content\">\n\t\t\t\t<h3 class=\"elementor-icon-box-title\">\n\t\t\t\t\t<span  >\n\t\t\t\t\t\tSO\u011eUTMA S\u0130STEMLER\u0130\t\t\t\t\t<\/span>\n\t\t\t\t<\/h3>\n\t\t\t\t\t\t\t\t\t<p class=\"elementor-icon-box-description\">\n\t\t\t\t\t\tBir, iki, \u00fc\u00e7 veya d\u00f6rt kademeli s\u0131k\u0131\u015ft\u0131rma kullanan so\u011futma sistemleri bir\u00e7ok uygulamada ba\u015far\u0131yla \u00e7al\u0131\u015ft\u0131r\u0131lm\u0131\u015ft\u0131r. So\u011futma seviyelerinin say\u0131s\u0131, gerekli olan s\u0131k\u0131\u015ft\u0131rma kademelerinin say\u0131s\u0131na, kademeler aras\u0131 \u0131s\u0131 y\u00fcklerine, maliyete ve s\u0131k\u0131\u015ft\u0131rma tipine ba\u011fl\u0131d\u0131r. Bu a\u015famalar a\u015fa\u011f\u0131daki b\u00f6l\u00fcmlerde g\u00f6sterilmi\u015ftir.\t\t\t\t\t<\/p>\n\t\t\t\t\t\t\t<\/div>\n\t\t<\/div>\n\t\t\t\t<\/div>\n\t\t\t\t<\/div>\n\t\t\t\t<div class=\"elementor-element elementor-element-f0d0c6f elementor-view-default elementor-vertical-align-top elementor-widget elementor-widget-icon-box\" data-id=\"f0d0c6f\" data-element_type=\"widget\" data-widget_type=\"icon-box.default\">\n\t\t\t\t<div class=\"elementor-widget-container\">\n\t\t\t\t\t<div class=\"elementor-icon-box-wrapper\">\n\t\t\t\t\t\t<div class=\"elementor-icon-box-content\">\n\t\t\t\t<h3 class=\"elementor-icon-box-title\">\n\t\t\t\t\t<span  >\n\t\t\t\t\t\tSU TES\u0130SATI ve ARITMA S\u0130STEMLER\u0130\t\t\t\t\t<\/span>\n\t\t\t\t<\/h3>\n\t\t\t\t\t\t\t\t\t<p class=\"elementor-icon-box-description\">\n\t\t\t\t\t\tAt\u0131k su ar\u0131tma sistemleri, genellikle end\u00fcstri tesislerinden proses kaynakl\u0131 olu\u015fan at\u0131k sular\u0131n de\u011fi\u015fik \u00f6zellikteki kimyasal maddelerin kullan\u0131lmas\u0131 ile at\u0131k suda bulunan kirlilik y\u00fcklerinin giderilmesi i\u00e7in dizayn edilir. At\u0131k sular\u0131n ar\u0131t\u0131lmas\u0131 i\u00e7in genel proses se\u00e7imi bir\u00e7ok fakt\u00f6re dayan\u0131larak yap\u0131l\u0131r. At\u0131k su ar\u0131tma prosesleri d\u00fc\u015f\u00fcn\u00fcl\u00fcrken ve proses se\u00e7imi yap\u0131l\u0131rken a\u015fa\u011f\u0131daki hususlar g\u00f6z \u00f6n\u00fcne al\u0131n\u0131r.\t\t\t\t\t<\/p>\n\t\t\t\t\t\t\t<\/div>\n\t\t<\/div>\n\t\t\t\t<\/div>\n\t\t\t\t<\/div>\n\t\t\t\t<div class=\"elementor-element elementor-element-b9da9dd elementor-view-default elementor-vertical-align-top elementor-widget elementor-widget-icon-box\" data-id=\"b9da9dd\" data-element_type=\"widget\" data-widget_type=\"icon-box.default\">\n\t\t\t\t<div class=\"elementor-widget-container\">\n\t\t\t\t\t<div class=\"elementor-icon-box-wrapper\">\n\t\t\t\t\t\t<div class=\"elementor-icon-box-content\">\n\t\t\t\t<h3 class=\"elementor-icon-box-title\">\n\t\t\t\t\t<span  >\n\t\t\t\t\t\tYERDEN ISITMA S\u0130STEMLER\u0130\t\t\t\t\t<\/span>\n\t\t\t\t<\/h3>\n\t\t\t\t\t\t\t\t\t<p class=\"elementor-icon-box-description\">\n\t\t\t\t\t\tD\u00f6\u015feme zemininin alt\u0131na yerle\u015ftirilen borular\u0131n i\u00e7erisinden dola\u015ft\u0131r\u0131lan d\u00fc\u015f\u00fck s\u0131cakl\u0131ktaki su, \u00f6ncelikle zemini \u0131s\u0131t\u0131r. Is\u0131nm\u0131\u015f olan zeminden do\u011fal \u0131\u015f\u0131n\u0131m yolu ile yay\u0131lan \u0131s\u0131 sayesinde ortam \u0131s\u0131t\u0131lm\u0131\u015f olur. I\u015f\u0131n\u0131m yolu ile \u0131s\u0131tma, G\u00fcne\u015f\u2019 in gezegenimizi kilometrelerce uzaktan \u0131s\u0131tabilmesi gibi d\u00fc\u015f\u00fcn\u00fclebilir.\t\t\t\t\t<\/p>\n\t\t\t\t\t\t\t<\/div>\n\t\t<\/div>\n\t\t\t\t<\/div>\n\t\t\t\t<\/div>\n\t\t\t\t<div class=\"elementor-element elementor-element-048d645 elementor-view-default elementor-vertical-align-top elementor-widget elementor-widget-icon-box\" data-id=\"048d645\" data-element_type=\"widget\" data-widget_type=\"icon-box.default\">\n\t\t\t\t<div class=\"elementor-widget-container\">\n\t\t\t\t\t<div class=\"elementor-icon-box-wrapper\">\n\t\t\t\t\t\t<div class=\"elementor-icon-box-content\">\n\t\t\t\t<h3 class=\"elementor-icon-box-title\">\n\t\t\t\t\t<span  >\n\t\t\t\t\t\tISITMA S\u0130STEMLER\u0130\t\t\t\t\t<\/span>\n\t\t\t\t<\/h3>\n\t\t\t\t\t\t\t\t\t<p class=\"elementor-icon-box-description\">\n\t\t\t\t\t\tBina ihtiya\u00e7lar\u0131 g\u00f6z \u00f6n\u00fcne al\u0131nd\u0131\u011f\u0131nda, so\u011fuk hava ko\u015fullar\u0131nda i\u00e7 ortam s\u0131cakl\u0131\u011f\u0131n\u0131 kontrol etmek i\u00e7in \u0131s\u0131tma sistemleri kullan\u0131lmaktad\u0131r. Hava \u015fartlar\u0131na ve bulundu\u011funuz \u00fclkenin sahip oldu\u011fu kaynak t\u00fcrlerine g\u00f6re \u0131s\u0131 \u00fcretim y\u00f6ntemi ve yak\u0131tlar farkl\u0131l\u0131k g\u00f6stermektedir.\t\t\t\t\t<\/p>\n\t\t\t\t\t\t\t<\/div>\n\t\t<\/div>\n\t\t\t\t<\/div>\n\t\t\t\t<\/div>\n\t\t\t\t<div class=\"elementor-element elementor-element-21ba5a9 elementor-view-default elementor-vertical-align-top elementor-widget elementor-widget-icon-box\" data-id=\"21ba5a9\" data-element_type=\"widget\" data-widget_type=\"icon-box.default\">\n\t\t\t\t<div class=\"elementor-widget-container\">\n\t\t\t\t\t<div class=\"elementor-icon-box-wrapper\">\n\t\t\t\t\t\t<div class=\"elementor-icon-box-content\">\n\t\t\t\t<h3 class=\"elementor-icon-box-title\">\n\t\t\t\t\t<span  >\n\t\t\t\t\t\tDALGI\u00c7 POMPA\t\t\t\t\t<\/span>\n\t\t\t\t<\/h3>\n\t\t\t\t\t\t\t\t\t<p class=\"elementor-icon-box-description\">\n\t\t\t\t\t\tDalg\u0131\u00e7 pompalarda motor, pompa g\u00f6vdesine biti\u015fik olarak monte edilir. Motor etraf\u0131ndaki su ge\u00e7irmez muhafaza, k\u0131sa devreye neden olabilecek herhangi bir s\u0131v\u0131n\u0131n i\u00e7eri girmesini \u00f6nleyerek hasara kar\u015f\u0131 korumak i\u00e7in genellikle ya\u011f ile doldurulur. Bu ba\u011flant\u0131 yerleri hava ve su ge\u00e7irmeyecek \u015fekilde izole edilerek s\u0131zd\u0131rmazl\u0131k sa\u011flanm\u0131\u015ft\u0131r.\t\t\t\t\t<\/p>\n\t\t\t\t\t\t\t<\/div>\n\t\t<\/div>\n\t\t\t\t<\/div>\n\t\t\t\t<\/div>\n\t\t\t\t\t<\/div>\n\t\t<\/div>\n\t\t\t\t<div class=\"elementor-column elementor-col-50 elementor-top-column elementor-element elementor-element-45fad34f\" data-id=\"45fad34f\" data-element_type=\"column\">\n\t\t\t<div class=\"elementor-widget-wrap elementor-element-populated\">\n\t\t\t\t\t\t\t\t<div class=\"elementor-element elementor-element-6900209c elementor-widget elementor-widget-image\" data-id=\"6900209c\" data-element_type=\"widget\" data-widget_type=\"image.default\">\n\t\t\t\t<div class=\"elementor-widget-container\">\n\t\t\t\t\t\t\t\t\t\t\t\t\t\t\t<img loading=\"lazy\" decoding=\"async\" width=\"2048\" height=\"1536\" src=\"https:\/\/eksenbir-insaat.com.tr\/public_html\/wp-content\/uploads\/2022\/03\/WhatsApp-Image-2022-02-26-at-15.47.09-1.jpeg\" class=\"attachment-full size-full\" alt=\"\" srcset=\"https:\/\/eksenbir-insaat.com.tr\/public_html\/wp-content\/uploads\/2022\/03\/WhatsApp-Image-2022-02-26-at-15.47.09-1.jpeg 2048w, https:\/\/eksenbir-insaat.com.tr\/public_html\/wp-content\/uploads\/2022\/03\/WhatsApp-Image-2022-02-26-at-15.47.09-1-300x225.jpeg 300w, https:\/\/eksenbir-insaat.com.tr\/public_html\/wp-content\/uploads\/2022\/03\/WhatsApp-Image-2022-02-26-at-15.47.09-1-1024x768.jpeg 1024w, https:\/\/eksenbir-insaat.com.tr\/public_html\/wp-content\/uploads\/2022\/03\/WhatsApp-Image-2022-02-26-at-15.47.09-1-768x576.jpeg 768w, https:\/\/eksenbir-insaat.com.tr\/public_html\/wp-content\/uploads\/2022\/03\/WhatsApp-Image-2022-02-26-at-15.47.09-1-1536x1152.jpeg 1536w\" sizes=\"auto, (max-width: 2048px) 100vw, 2048px\" \/>\t\t\t\t\t\t\t\t\t\t\t\t\t\t\t<\/div>\n\t\t\t\t<\/div>\n\t\t\t\t<div class=\"elementor-element elementor-element-d52d7bd elementor-widget elementor-widget-image\" data-id=\"d52d7bd\" data-element_type=\"widget\" data-widget_type=\"image.default\">\n\t\t\t\t<div class=\"elementor-widget-container\">\n\t\t\t\t\t\t\t\t\t\t\t\t\t\t\t<img loading=\"lazy\" decoding=\"async\" width=\"2048\" height=\"1536\" src=\"https:\/\/eksenbir-insaat.com.tr\/public_html\/wp-content\/uploads\/2022\/03\/WhatsApp-Image-2022-02-26-at-15.47.09.jpeg\" class=\"attachment-full size-full\" alt=\"\" srcset=\"https:\/\/eksenbir-insaat.com.tr\/public_html\/wp-content\/uploads\/2022\/03\/WhatsApp-Image-2022-02-26-at-15.47.09.jpeg 2048w, https:\/\/eksenbir-insaat.com.tr\/public_html\/wp-content\/uploads\/2022\/03\/WhatsApp-Image-2022-02-26-at-15.47.09-300x225.jpeg 300w, https:\/\/eksenbir-insaat.com.tr\/public_html\/wp-content\/uploads\/2022\/03\/WhatsApp-Image-2022-02-26-at-15.47.09-1024x768.jpeg 1024w, https:\/\/eksenbir-insaat.com.tr\/public_html\/wp-content\/uploads\/2022\/03\/WhatsApp-Image-2022-02-26-at-15.47.09-768x576.jpeg 768w, https:\/\/eksenbir-insaat.com.tr\/public_html\/wp-content\/uploads\/2022\/03\/WhatsApp-Image-2022-02-26-at-15.47.09-1536x1152.jpeg 1536w\" sizes=\"auto, (max-width: 2048px) 100vw, 2048px\" \/>\t\t\t\t\t\t\t\t\t\t\t\t\t\t\t<\/div>\n\t\t\t\t<\/div>\n\t\t\t\t<div class=\"elementor-element elementor-element-fce9ae4 elementor-widget elementor-widget-image\" data-id=\"fce9ae4\" data-element_type=\"widget\" data-widget_type=\"image.default\">\n\t\t\t\t<div class=\"elementor-widget-container\">\n\t\t\t\t\t\t\t\t\t\t\t\t\t\t\t<img loading=\"lazy\" decoding=\"async\" width=\"546\" height=\"972\" src=\"https:\/\/eksenbir-insaat.com.tr\/public_html\/wp-content\/uploads\/2022\/03\/WhatsApp-Image-2022-02-26-at-15.46.10-3.jpeg\" class=\"attachment-full size-full\" alt=\"\" srcset=\"https:\/\/eksenbir-insaat.com.tr\/public_html\/wp-content\/uploads\/2022\/03\/WhatsApp-Image-2022-02-26-at-15.46.10-3.jpeg 546w, https:\/\/eksenbir-insaat.com.tr\/public_html\/wp-content\/uploads\/2022\/03\/WhatsApp-Image-2022-02-26-at-15.46.10-3-169x300.jpeg 169w\" sizes=\"auto, (max-width: 546px) 100vw, 546px\" \/>\t\t\t\t\t\t\t\t\t\t\t\t\t\t\t<\/div>\n\t\t\t\t<\/div>\n\t\t\t\t<div class=\"elementor-element elementor-element-6740db0 elementor-widget elementor-widget-image\" data-id=\"6740db0\" data-element_type=\"widget\" data-widget_type=\"image.default\">\n\t\t\t\t<div class=\"elementor-widget-container\">\n\t\t\t\t\t\t\t\t\t\t\t\t\t\t\t<img loading=\"lazy\" decoding=\"async\" width=\"365\" height=\"365\" src=\"https:\/\/eksenbir-insaat.com.tr\/public_html\/wp-content\/uploads\/2022\/03\/WhatsApp-Image-2022-02-26-at-15.46.09-1.jpeg\" class=\"attachment-full size-full\" alt=\"\" srcset=\"https:\/\/eksenbir-insaat.com.tr\/public_html\/wp-content\/uploads\/2022\/03\/WhatsApp-Image-2022-02-26-at-15.46.09-1.jpeg 365w, https:\/\/eksenbir-insaat.com.tr\/public_html\/wp-content\/uploads\/2022\/03\/WhatsApp-Image-2022-02-26-at-15.46.09-1-300x300.jpeg 300w, https:\/\/eksenbir-insaat.com.tr\/public_html\/wp-content\/uploads\/2022\/03\/WhatsApp-Image-2022-02-26-at-15.46.09-1-150x150.jpeg 150w\" sizes=\"auto, (max-width: 365px) 100vw, 365px\" \/>\t\t\t\t\t\t\t\t\t\t\t\t\t\t\t<\/div>\n\t\t\t\t<\/div>\n\t\t\t\t<div class=\"elementor-element elementor-element-8e32745 elementor-widget elementor-widget-image\" data-id=\"8e32745\" data-element_type=\"widget\" data-widget_type=\"image.default\">\n\t\t\t\t<div class=\"elementor-widget-container\">\n\t\t\t\t\t\t\t\t\t\t\t\t\t\t\t<img loading=\"lazy\" decoding=\"async\" width=\"730\" height=\"730\" src=\"https:\/\/eksenbir-insaat.com.tr\/public_html\/wp-content\/uploads\/2022\/03\/WhatsApp-Image-2022-02-26-at-15.46.10.jpeg\" class=\"attachment-full size-full\" alt=\"\" srcset=\"https:\/\/eksenbir-insaat.com.tr\/public_html\/wp-content\/uploads\/2022\/03\/WhatsApp-Image-2022-02-26-at-15.46.10.jpeg 730w, https:\/\/eksenbir-insaat.com.tr\/public_html\/wp-content\/uploads\/2022\/03\/WhatsApp-Image-2022-02-26-at-15.46.10-300x300.jpeg 300w, https:\/\/eksenbir-insaat.com.tr\/public_html\/wp-content\/uploads\/2022\/03\/WhatsApp-Image-2022-02-26-at-15.46.10-150x150.jpeg 150w\" sizes=\"auto, (max-width: 730px) 100vw, 730px\" \/>\t\t\t\t\t\t\t\t\t\t\t\t\t\t\t<\/div>\n\t\t\t\t<\/div>\n\t\t\t\t\t<\/div>\n\t\t<\/div>\n\t\t\t\t\t\t\t<\/div>\n\t\t<\/section>\n\t\t\t\t\t\t<\/div>\n\t\t\t\t\t<\/div>\n\t\t","protected":false},"excerpt":{"rendered":"<p>Mekanik Sistemler Bir yap\u0131da bulunmas\u0131 gereken en \u00f6nemli unsurlar olan \u0131s\u0131 dengeleme, yal\u0131t\u0131m, su tesisat\u0131 ve ar\u0131tma gibi t\u00fcm sistemler g\u00fcvencemiz alt\u0131nda kalite, uygun maliyet ve y\u00fcksek performans ile birle\u015ferek taraf\u0131n\u0131za sunulmaktad\u0131r. Detayl\u0131 Bilgi HAVALANDIRMA S\u0130STEMLER\u0130 Havaland\u0131rma \u00c7\u00f6z\u00fcmleri, \u00e7e\u015fitli ortamlar i\u00e7in \u00f6zel havaland\u0131rma sistemleri tasarlar ve \u00fcretir. Havaland\u0131rma teknolojimiz ticari, end\u00fcstriyel ve kamu binalar\u0131nda kullan\u0131lmaktad\u0131r&#8230;.<\/p>\n","protected":false},"author":1,"featured_media":0,"parent":0,"menu_order":0,"comment_status":"closed","ping_status":"closed","template":"","meta":{"_kad_post_transparent":"","_kad_post_title":"hide","_kad_post_layout":"fullwidth","_kad_post_sidebar_id":"","_kad_post_content_style":"unboxed","_kad_post_vertical_padding":"hide","_kad_post_feature":"hide","_kad_post_feature_position":"","_kad_post_header":false,"_kad_post_footer":false,"footnotes":""},"class_list":["post-2204","page","type-page","status-publish","hentry"],"_links":{"self":[{"href":"https:\/\/eksenbir-insaat.com.tr\/public_html\/wp-json\/wp\/v2\/pages\/2204","targetHints":{"allow":["GET"]}}],"collection":[{"href":"https:\/\/eksenbir-insaat.com.tr\/public_html\/wp-json\/wp\/v2\/pages"}],"about":[{"href":"https:\/\/eksenbir-insaat.com.tr\/public_html\/wp-json\/wp\/v2\/types\/page"}],"author":[{"embeddable":true,"href":"https:\/\/eksenbir-insaat.com.tr\/public_html\/wp-json\/wp\/v2\/users\/1"}],"replies":[{"embeddable":true,"href":"https:\/\/eksenbir-insaat.com.tr\/public_html\/wp-json\/wp\/v2\/comments?post=2204"}],"version-history":[{"count":7,"href":"https:\/\/eksenbir-insaat.com.tr\/public_html\/wp-json\/wp\/v2\/pages\/2204\/revisions"}],"predecessor-version":[{"id":2238,"href":"https:\/\/eksenbir-insaat.com.tr\/public_html\/wp-json\/wp\/v2\/pages\/2204\/revisions\/2238"}],"wp:attachment":[{"href":"https:\/\/eksenbir-insaat.com.tr\/public_html\/wp-json\/wp\/v2\/media?parent=2204"}],"curies":[{"name":"wp","href":"https:\/\/api.w.org\/{rel}","templated":true}]}}