{"id":1976,"date":"2021-12-29T14:35:32","date_gmt":"2021-12-29T14:35:32","guid":{"rendered":"http:\/\/eksenbir-insaat.com.tr\/public_html\/?page_id=1976"},"modified":"2021-12-29T14:51:19","modified_gmt":"2021-12-29T14:51:19","slug":"zayif-akim-kablolama","status":"publish","type":"page","link":"https:\/\/eksenbir-insaat.com.tr\/public_html\/zayif-akim-kablolama\/","title":{"rendered":"Zay\u0131f Ak\u0131m Kablolama"},"content":{"rendered":"\t\t<div data-elementor-type=\"wp-page\" data-elementor-id=\"1976\" class=\"elementor elementor-1976\" data-elementor-settings=\"[]\">\n\t\t\t\t\t\t\t<div class=\"elementor-section-wrap\">\n\t\t\t\t\t\t\t<section class=\"elementor-section elementor-top-section elementor-element elementor-element-15fffc88 elementor-section-height-min-height elementor-section-boxed elementor-section-height-default elementor-section-items-middle\" data-id=\"15fffc88\" data-element_type=\"section\" data-settings=\"{&quot;background_background&quot;:&quot;classic&quot;,&quot;shape_divider_top&quot;:&quot;opacity-tilt&quot;}\">\n\t\t\t\t\t\t\t<div class=\"elementor-background-overlay\"><\/div>\n\t\t\t\t\t\t<div class=\"elementor-shape elementor-shape-top\" data-negative=\"false\">\n\t\t\t<svg xmlns=\"http:\/\/www.w3.org\/2000\/svg\" viewBox=\"0 0 2600 131.1\" preserveAspectRatio=\"none\">\n\t<path class=\"elementor-shape-fill\" d=\"M0 0L2600 0 2600 69.1 0 0z\"\/>\n\t<path class=\"elementor-shape-fill\" style=\"opacity:0.5\" d=\"M0 0L2600 0 2600 69.1 0 69.1z\"\/>\n\t<path class=\"elementor-shape-fill\" style=\"opacity:0.25\" d=\"M2600 0L0 0 0 130.1 2600 69.1z\"\/>\n<\/svg>\t\t<\/div>\n\t\t\t\t\t<div class=\"elementor-container elementor-column-gap-default\">\n\t\t\t\t\t<div class=\"elementor-column elementor-col-100 elementor-top-column elementor-element elementor-element-8f8730a\" data-id=\"8f8730a\" data-element_type=\"column\">\n\t\t\t<div class=\"elementor-widget-wrap elementor-element-populated\">\n\t\t\t\t\t\t\t\t<div class=\"elementor-element elementor-element-35f37c62 elementor-widget elementor-widget-heading\" data-id=\"35f37c62\" data-element_type=\"widget\" data-widget_type=\"heading.default\">\n\t\t\t\t<div class=\"elementor-widget-container\">\n\t\t\t<h2 class=\"elementor-heading-title elementor-size-default\">Zay\u0131f Ak\u0131m Kablolama<\/h2>\t\t<\/div>\n\t\t\t\t<\/div>\n\t\t\t\t<div class=\"elementor-element elementor-element-5b769ccd elementor-widget elementor-widget-text-editor\" data-id=\"5b769ccd\" data-element_type=\"widget\" data-widget_type=\"text-editor.default\">\n\t\t\t\t<div class=\"elementor-widget-container\">\n\t\t\t\t\t\t\t<p>Zay\u0131f ak\u0131m sistemleri kurulumu\u00a0ve kablo tesisat\u0131 sistemlerinin d\u00f6\u015fenmesi gibi y\u00fcksek standartl\u0131 mekanik \u00e7al\u0131\u015fmalar, projenin bir b\u00fct\u00fcn olarak uzun \u00f6m\u00fcrl\u00fc olmas\u0131 i\u00e7in en \u00f6nemli unsurdur.<\/p>\t\t\t\t\t\t<\/div>\n\t\t\t\t<\/div>\n\t\t\t\t<div class=\"elementor-element elementor-element-6d2faff2 elementor-align-left elementor-widget elementor-widget-button\" data-id=\"6d2faff2\" data-element_type=\"widget\" data-widget_type=\"button.default\">\n\t\t\t\t<div class=\"elementor-widget-container\">\n\t\t\t\t\t<div class=\"elementor-button-wrapper\">\n\t\t\t<a href=\"http:\/\/eksenbir-insaat.com.tr\/public_html\/iletisim\/\" class=\"elementor-button-link elementor-button elementor-size-sm\" role=\"button\">\n\t\t\t\t\t\t<span class=\"elementor-button-content-wrapper\">\n\t\t\t\t\t\t<span class=\"elementor-button-text\">Detayl\u0131 Bilgi<\/span>\n\t\t<\/span>\n\t\t\t\t\t<\/a>\n\t\t<\/div>\n\t\t\t\t<\/div>\n\t\t\t\t<\/div>\n\t\t\t\t\t<\/div>\n\t\t<\/div>\n\t\t\t\t\t\t\t<\/div>\n\t\t<\/section>\n\t\t\t\t<section class=\"elementor-section elementor-top-section elementor-element elementor-element-549b4c6f elementor-section-content-middle elementor-section-boxed elementor-section-height-default elementor-section-height-default\" data-id=\"549b4c6f\" data-element_type=\"section\">\n\t\t\t\t\t\t<div class=\"elementor-container elementor-column-gap-no\">\n\t\t\t\t\t<div class=\"elementor-column elementor-col-50 elementor-top-column elementor-element elementor-element-5cd8e990\" data-id=\"5cd8e990\" data-element_type=\"column\">\n\t\t\t<div class=\"elementor-widget-wrap elementor-element-populated\">\n\t\t\t\t\t\t\t\t<div class=\"elementor-element elementor-element-335ab0cf elementor-view-default elementor-vertical-align-top elementor-widget elementor-widget-icon-box\" data-id=\"335ab0cf\" data-element_type=\"widget\" data-widget_type=\"icon-box.default\">\n\t\t\t\t<div class=\"elementor-widget-container\">\n\t\t\t\t\t<div class=\"elementor-icon-box-wrapper\">\n\t\t\t\t\t\t<div class=\"elementor-icon-box-content\">\n\t\t\t\t<h3 class=\"elementor-icon-box-title\">\n\t\t\t\t\t<span  >\n\t\t\t\t\t\t\t\t\t\t\t<\/span>\n\t\t\t\t<\/h3>\n\t\t\t\t\t\t\t\t\t<p class=\"elementor-icon-box-description\">\n\t\t\t\t\t\t\u00c7o\u011fu durumda kablo yollar\u0131, in\u015faat veya yeniden yap\u0131m a\u015famas\u0131nda binaya yerle\u015ftirilir ve kablolar binan\u0131n t\u00fcm kullan\u0131m d\u00f6nemine veya b\u00fcy\u00fck tadilat d\u00f6nemlerine kadar hizmet etmelidir. Kablolar veya ileti\u015fim hatlar\u0131, kural olarak, bir duvara \u00f6r\u00fcl\u00fcrler ve \u00e7al\u0131\u015fma s\u0131ras\u0131nda yeniden yerle\u015ftirilmeleri pratikte veya genellikle imkans\u0131zd\u0131r. Bu nedenle in\u015faat veya rekonstr\u00fcksiyon a\u015famas\u0131nda iyi y\u00fcr\u00fct\u00fclen mekanik \u00e7al\u0131\u015fmalar son derece \u00f6nemlidir.\t\t\t\t\t<\/p>\n\t\t\t\t\t\t\t<\/div>\n\t\t<\/div>\n\t\t\t\t<\/div>\n\t\t\t\t<\/div>\n\t\t\t\t<div class=\"elementor-element elementor-element-6e5e3250 elementor-view-default elementor-vertical-align-top elementor-widget elementor-widget-icon-box\" data-id=\"6e5e3250\" data-element_type=\"widget\" data-widget_type=\"icon-box.default\">\n\t\t\t\t<div class=\"elementor-widget-container\">\n\t\t\t\t\t<div class=\"elementor-icon-box-wrapper\">\n\t\t\t\t\t\t<div class=\"elementor-icon-box-content\">\n\t\t\t\t<h3 class=\"elementor-icon-box-title\">\n\t\t\t\t\t<span  >\n\t\t\t\t\t\t\t\t\t\t\t<\/span>\n\t\t\t\t<\/h3>\n\t\t\t\t\t\t\t\t\t<p class=\"elementor-icon-box-description\">\n\t\t\t\t\t\tEKSENB\u0130R \u0130N\u015eAAT olarak tecr\u00fcbe ve uzmanl\u0131\u011f\u0131m\u0131z ile t\u00fcm alanlarda detayl\u0131, profesyonel ve uzun \u00f6m\u00fcrl\u00fc \u00e7\u00f6z\u00fcmler sunuyoruz.\t\t\t\t\t<\/p>\n\t\t\t\t\t\t\t<\/div>\n\t\t<\/div>\n\t\t\t\t<\/div>\n\t\t\t\t<\/div>\n\t\t\t\t\t<\/div>\n\t\t<\/div>\n\t\t\t\t<div class=\"elementor-column elementor-col-50 elementor-top-column elementor-element elementor-element-45fad34f\" data-id=\"45fad34f\" data-element_type=\"column\">\n\t\t\t<div class=\"elementor-widget-wrap elementor-element-populated\">\n\t\t\t\t\t\t\t\t<div class=\"elementor-element elementor-element-6900209c elementor-widget elementor-widget-image\" data-id=\"6900209c\" data-element_type=\"widget\" data-widget_type=\"image.default\">\n\t\t\t\t<div class=\"elementor-widget-container\">\n\t\t\t\t\t\t\t\t\t\t\t\t\t\t\t<img loading=\"lazy\" decoding=\"async\" width=\"768\" height=\"1152\" src=\"https:\/\/eksenbir-insaat.com.tr\/public_html\/wp-content\/uploads\/2021\/12\/pexels-josh-sorenson-1054397-768x1152-1.jpg\" class=\"attachment-full size-full\" alt=\"\" srcset=\"https:\/\/eksenbir-insaat.com.tr\/public_html\/wp-content\/uploads\/2021\/12\/pexels-josh-sorenson-1054397-768x1152-1.jpg 768w, https:\/\/eksenbir-insaat.com.tr\/public_html\/wp-content\/uploads\/2021\/12\/pexels-josh-sorenson-1054397-768x1152-1-200x300.jpg 200w, https:\/\/eksenbir-insaat.com.tr\/public_html\/wp-content\/uploads\/2021\/12\/pexels-josh-sorenson-1054397-768x1152-1-683x1024.jpg 683w\" sizes=\"auto, (max-width: 768px) 100vw, 768px\" \/>\t\t\t\t\t\t\t\t\t\t\t\t\t\t\t<\/div>\n\t\t\t\t<\/div>\n\t\t\t\t<div class=\"elementor-element elementor-element-d52d7bd elementor-widget elementor-widget-image\" data-id=\"d52d7bd\" data-element_type=\"widget\" data-widget_type=\"image.default\">\n\t\t\t\t<div class=\"elementor-widget-container\">\n\t\t\t\t\t\t\t\t\t\t\t\t\t\t\t<img loading=\"lazy\" decoding=\"async\" width=\"1245\" height=\"1000\" src=\"https:\/\/eksenbir-insaat.com.tr\/public_html\/wp-content\/uploads\/2021\/12\/ce80806d-9362-424d-9ea2-43508b4dcc71.jpg._CB485980094_.jpg\" class=\"attachment-full size-full\" alt=\"\" srcset=\"https:\/\/eksenbir-insaat.com.tr\/public_html\/wp-content\/uploads\/2021\/12\/ce80806d-9362-424d-9ea2-43508b4dcc71.jpg._CB485980094_.jpg 1245w, https:\/\/eksenbir-insaat.com.tr\/public_html\/wp-content\/uploads\/2021\/12\/ce80806d-9362-424d-9ea2-43508b4dcc71.jpg._CB485980094_-300x241.jpg 300w, https:\/\/eksenbir-insaat.com.tr\/public_html\/wp-content\/uploads\/2021\/12\/ce80806d-9362-424d-9ea2-43508b4dcc71.jpg._CB485980094_-1024x822.jpg 1024w, https:\/\/eksenbir-insaat.com.tr\/public_html\/wp-content\/uploads\/2021\/12\/ce80806d-9362-424d-9ea2-43508b4dcc71.jpg._CB485980094_-768x617.jpg 768w\" sizes=\"auto, (max-width: 1245px) 100vw, 1245px\" \/>\t\t\t\t\t\t\t\t\t\t\t\t\t\t\t<\/div>\n\t\t\t\t<\/div>\n\t\t\t\t\t<\/div>\n\t\t<\/div>\n\t\t\t\t\t\t\t<\/div>\n\t\t<\/section>\n\t\t\t\t\t\t<\/div>\n\t\t\t\t\t<\/div>\n\t\t","protected":false},"excerpt":{"rendered":"<p>Zay\u0131f Ak\u0131m Kablolama Zay\u0131f ak\u0131m sistemleri kurulumu\u00a0ve kablo tesisat\u0131 sistemlerinin d\u00f6\u015fenmesi gibi y\u00fcksek standartl\u0131 mekanik \u00e7al\u0131\u015fmalar, projenin bir b\u00fct\u00fcn olarak uzun \u00f6m\u00fcrl\u00fc olmas\u0131 i\u00e7in en \u00f6nemli unsurdur. Detayl\u0131 Bilgi \u00c7o\u011fu durumda kablo yollar\u0131, in\u015faat veya yeniden yap\u0131m a\u015famas\u0131nda binaya yerle\u015ftirilir ve kablolar binan\u0131n t\u00fcm kullan\u0131m d\u00f6nemine veya b\u00fcy\u00fck tadilat d\u00f6nemlerine kadar hizmet etmelidir. Kablolar veya&#8230;<\/p>\n","protected":false},"author":1,"featured_media":0,"parent":0,"menu_order":0,"comment_status":"closed","ping_status":"closed","template":"","meta":{"_kad_post_transparent":"","_kad_post_title":"hide","_kad_post_layout":"fullwidth","_kad_post_sidebar_id":"","_kad_post_content_style":"unboxed","_kad_post_vertical_padding":"hide","_kad_post_feature":"hide","_kad_post_feature_position":"","_kad_post_header":false,"_kad_post_footer":false,"footnotes":""},"class_list":["post-1976","page","type-page","status-publish","hentry"],"_links":{"self":[{"href":"https:\/\/eksenbir-insaat.com.tr\/public_html\/wp-json\/wp\/v2\/pages\/1976","targetHints":{"allow":["GET"]}}],"collection":[{"href":"https:\/\/eksenbir-insaat.com.tr\/public_html\/wp-json\/wp\/v2\/pages"}],"about":[{"href":"https:\/\/eksenbir-insaat.com.tr\/public_html\/wp-json\/wp\/v2\/types\/page"}],"author":[{"embeddable":true,"href":"https:\/\/eksenbir-insaat.com.tr\/public_html\/wp-json\/wp\/v2\/users\/1"}],"replies":[{"embeddable":true,"href":"https:\/\/eksenbir-insaat.com.tr\/public_html\/wp-json\/wp\/v2\/comments?post=1976"}],"version-history":[{"count":7,"href":"https:\/\/eksenbir-insaat.com.tr\/public_html\/wp-json\/wp\/v2\/pages\/1976\/revisions"}],"predecessor-version":[{"id":2008,"href":"https:\/\/eksenbir-insaat.com.tr\/public_html\/wp-json\/wp\/v2\/pages\/1976\/revisions\/2008"}],"wp:attachment":[{"href":"https:\/\/eksenbir-insaat.com.tr\/public_html\/wp-json\/wp\/v2\/media?parent=1976"}],"curies":[{"name":"wp","href":"https:\/\/api.w.org\/{rel}","templated":true}]}}