{"id":1956,"date":"2021-12-29T14:14:47","date_gmt":"2021-12-29T14:14:47","guid":{"rendered":"http:\/\/eksenbir-insaat.com.tr\/public_html\/?page_id=1956"},"modified":"2021-12-29T14:49:03","modified_gmt":"2021-12-29T14:49:03","slug":"yukseltilmis-doseme","status":"publish","type":"page","link":"https:\/\/eksenbir-insaat.com.tr\/public_html\/yukseltilmis-doseme\/","title":{"rendered":"Y\u00fckseltilmi\u015f D\u00f6\u015feme"},"content":{"rendered":"\t\t<div data-elementor-type=\"wp-page\" data-elementor-id=\"1956\" class=\"elementor elementor-1956\" data-elementor-settings=\"[]\">\n\t\t\t\t\t\t\t<div class=\"elementor-section-wrap\">\n\t\t\t\t\t\t\t<section class=\"elementor-section elementor-top-section elementor-element elementor-element-15fffc88 elementor-section-height-min-height elementor-section-boxed elementor-section-height-default elementor-section-items-middle\" data-id=\"15fffc88\" data-element_type=\"section\" data-settings=\"{&quot;background_background&quot;:&quot;classic&quot;,&quot;shape_divider_top&quot;:&quot;opacity-tilt&quot;}\">\n\t\t\t\t\t\t\t<div class=\"elementor-background-overlay\"><\/div>\n\t\t\t\t\t\t<div class=\"elementor-shape elementor-shape-top\" data-negative=\"false\">\n\t\t\t<svg xmlns=\"http:\/\/www.w3.org\/2000\/svg\" viewBox=\"0 0 2600 131.1\" preserveAspectRatio=\"none\">\n\t<path class=\"elementor-shape-fill\" d=\"M0 0L2600 0 2600 69.1 0 0z\"\/>\n\t<path class=\"elementor-shape-fill\" style=\"opacity:0.5\" d=\"M0 0L2600 0 2600 69.1 0 69.1z\"\/>\n\t<path class=\"elementor-shape-fill\" style=\"opacity:0.25\" d=\"M2600 0L0 0 0 130.1 2600 69.1z\"\/>\n<\/svg>\t\t<\/div>\n\t\t\t\t\t<div class=\"elementor-container elementor-column-gap-default\">\n\t\t\t\t\t<div class=\"elementor-column elementor-col-100 elementor-top-column elementor-element elementor-element-8f8730a\" data-id=\"8f8730a\" data-element_type=\"column\">\n\t\t\t<div class=\"elementor-widget-wrap elementor-element-populated\">\n\t\t\t\t\t\t\t\t<div class=\"elementor-element elementor-element-35f37c62 elementor-widget elementor-widget-heading\" data-id=\"35f37c62\" data-element_type=\"widget\" data-widget_type=\"heading.default\">\n\t\t\t\t<div class=\"elementor-widget-container\">\n\t\t\t<h2 class=\"elementor-heading-title elementor-size-default\">Y\u00fckseltilmi\u015f D\u00f6\u015feme<\/h2>\t\t<\/div>\n\t\t\t\t<\/div>\n\t\t\t\t<div class=\"elementor-element elementor-element-5b769ccd elementor-widget elementor-widget-text-editor\" data-id=\"5b769ccd\" data-element_type=\"widget\" data-widget_type=\"text-editor.default\">\n\t\t\t\t<div class=\"elementor-widget-container\">\n\t\t\t\t\t\t\t<p>Veri merkezlerinin herhangi bir afet durumunda hasar almas\u0131 riskini en aza indirmek i\u00e7in uygulanan y\u00f6ntemlerden birisi de zemini ana yap\u0131dan m\u00fcmk\u00fcn olabildi\u011fince ba\u011f\u0131ms\u0131z hale getirmektir.<\/p>\t\t\t\t\t\t<\/div>\n\t\t\t\t<\/div>\n\t\t\t\t<div class=\"elementor-element elementor-element-6d2faff2 elementor-align-left elementor-widget elementor-widget-button\" data-id=\"6d2faff2\" data-element_type=\"widget\" data-widget_type=\"button.default\">\n\t\t\t\t<div class=\"elementor-widget-container\">\n\t\t\t\t\t<div class=\"elementor-button-wrapper\">\n\t\t\t<a href=\"http:\/\/eksenbir-insaat.com.tr\/public_html\/iletisim\/\" class=\"elementor-button-link elementor-button elementor-size-sm\" role=\"button\">\n\t\t\t\t\t\t<span class=\"elementor-button-content-wrapper\">\n\t\t\t\t\t\t<span class=\"elementor-button-text\">Detayl\u0131 Bilgi<\/span>\n\t\t<\/span>\n\t\t\t\t\t<\/a>\n\t\t<\/div>\n\t\t\t\t<\/div>\n\t\t\t\t<\/div>\n\t\t\t\t\t<\/div>\n\t\t<\/div>\n\t\t\t\t\t\t\t<\/div>\n\t\t<\/section>\n\t\t\t\t<section class=\"elementor-section elementor-top-section elementor-element elementor-element-549b4c6f elementor-section-content-middle elementor-section-boxed elementor-section-height-default elementor-section-height-default\" data-id=\"549b4c6f\" data-element_type=\"section\">\n\t\t\t\t\t\t<div class=\"elementor-container elementor-column-gap-no\">\n\t\t\t\t\t<div class=\"elementor-column elementor-col-50 elementor-top-column elementor-element elementor-element-5cd8e990\" data-id=\"5cd8e990\" data-element_type=\"column\">\n\t\t\t<div class=\"elementor-widget-wrap elementor-element-populated\">\n\t\t\t\t\t\t\t\t<div class=\"elementor-element elementor-element-335ab0cf elementor-view-default elementor-vertical-align-top elementor-widget elementor-widget-icon-box\" data-id=\"335ab0cf\" data-element_type=\"widget\" data-widget_type=\"icon-box.default\">\n\t\t\t\t<div class=\"elementor-widget-container\">\n\t\t\t\t\t<div class=\"elementor-icon-box-wrapper\">\n\t\t\t\t\t\t<div class=\"elementor-icon-box-content\">\n\t\t\t\t<h3 class=\"elementor-icon-box-title\">\n\t\t\t\t\t<span  >\n\t\t\t\t\t\t\t\t\t\t\t<\/span>\n\t\t\t\t<\/h3>\n\t\t\t\t\t\t\t\t\t<p class=\"elementor-icon-box-description\">\n\t\t\t\t\t\t\u00dclkemizde en fazla hasara yol a\u00e7an do\u011fal afetlerin ba\u015f\u0131nda deprem gelmektedir. Veri merkezi binas\u0131 yap\u0131sal olarak hi\u00e7 hasar almasa dahi i\u00e7erisinde bulunan sunucular\u0131n ve ekipmanlar\u0131n fiziksel olarak hasar almas\u0131 \u00e7ok \u00f6nemli kay\u0131plara hatta i\u015fin tamamen durmas\u0131na sebep olabilir. Dolay\u0131s\u0131yla aktif sismik b\u00f6lgede bulunan veri merkezlerinde, yap\u0131sal olmayan elemanlar\u0131 korumak i\u00e7in \u00f6nlem almak zorunlu hale gelmektedir.\t\t\t\t\t<\/p>\n\t\t\t\t\t\t\t<\/div>\n\t\t<\/div>\n\t\t\t\t<\/div>\n\t\t\t\t<\/div>\n\t\t\t\t<div class=\"elementor-element elementor-element-6e5e3250 elementor-view-default elementor-vertical-align-top elementor-widget elementor-widget-icon-box\" data-id=\"6e5e3250\" data-element_type=\"widget\" data-widget_type=\"icon-box.default\">\n\t\t\t\t<div class=\"elementor-widget-container\">\n\t\t\t\t\t<div class=\"elementor-icon-box-wrapper\">\n\t\t\t\t\t\t<div class=\"elementor-icon-box-content\">\n\t\t\t\t<h3 class=\"elementor-icon-box-title\">\n\t\t\t\t\t<span  >\n\t\t\t\t\t\t\t\t\t\t\t<\/span>\n\t\t\t\t<\/h3>\n\t\t\t\t\t\t\t\t\t<p class=\"elementor-icon-box-description\">\n\t\t\t\t\t\tSismik d\u00f6\u015feme uygulamas\u0131 bu a\u015famada riskinizi s\u0131f\u0131ra indirecektir. EKSENB\u0130R \u0130N\u015eAAT olarak tecr\u00fcbe ve uzmanl\u0131\u011f\u0131m\u0131z ile sizleri daha do\u011fru y\u00f6nlendirerek, t\u00fcm alanlarda detayl\u0131 profesyonel sismik y\u00fckseltilmi\u015f d\u00f6\u015feme sistemi anahtar teslim \u00e7\u00f6z\u00fcmler sunuyoruz.\t\t\t\t\t<\/p>\n\t\t\t\t\t\t\t<\/div>\n\t\t<\/div>\n\t\t\t\t<\/div>\n\t\t\t\t<\/div>\n\t\t\t\t\t<\/div>\n\t\t<\/div>\n\t\t\t\t<div class=\"elementor-column elementor-col-50 elementor-top-column elementor-element elementor-element-45fad34f\" data-id=\"45fad34f\" data-element_type=\"column\">\n\t\t\t<div class=\"elementor-widget-wrap elementor-element-populated\">\n\t\t\t\t\t\t\t\t<div class=\"elementor-element elementor-element-6900209c elementor-widget elementor-widget-image\" data-id=\"6900209c\" data-element_type=\"widget\" data-widget_type=\"image.default\">\n\t\t\t\t<div class=\"elementor-widget-container\">\n\t\t\t\t\t\t\t\t\t\t\t\t\t\t\t<img loading=\"lazy\" decoding=\"async\" width=\"1200\" height=\"1600\" src=\"https:\/\/eksenbir-insaat.com.tr\/public_html\/wp-content\/uploads\/2021\/12\/Tate_DirectionalPerf-1200x1600-.original.jpg\" class=\"attachment-full size-full\" alt=\"\" srcset=\"https:\/\/eksenbir-insaat.com.tr\/public_html\/wp-content\/uploads\/2021\/12\/Tate_DirectionalPerf-1200x1600-.original.jpg 1200w, https:\/\/eksenbir-insaat.com.tr\/public_html\/wp-content\/uploads\/2021\/12\/Tate_DirectionalPerf-1200x1600-.original-225x300.jpg 225w, https:\/\/eksenbir-insaat.com.tr\/public_html\/wp-content\/uploads\/2021\/12\/Tate_DirectionalPerf-1200x1600-.original-768x1024.jpg 768w, https:\/\/eksenbir-insaat.com.tr\/public_html\/wp-content\/uploads\/2021\/12\/Tate_DirectionalPerf-1200x1600-.original-1152x1536.jpg 1152w\" sizes=\"auto, (max-width: 1200px) 100vw, 1200px\" \/>\t\t\t\t\t\t\t\t\t\t\t\t\t\t\t<\/div>\n\t\t\t\t<\/div>\n\t\t\t\t<div class=\"elementor-element elementor-element-d52d7bd elementor-widget elementor-widget-image\" data-id=\"d52d7bd\" data-element_type=\"widget\" data-widget_type=\"image.default\">\n\t\t\t\t<div class=\"elementor-widget-container\">\n\t\t\t\t\t\t\t\t\t\t\t\t\t\t\t<img loading=\"lazy\" decoding=\"async\" width=\"700\" height=\"329\" src=\"https:\/\/eksenbir-insaat.com.tr\/public_html\/wp-content\/uploads\/2021\/12\/1542012683013.jpg\" class=\"attachment-full size-full\" alt=\"\" srcset=\"https:\/\/eksenbir-insaat.com.tr\/public_html\/wp-content\/uploads\/2021\/12\/1542012683013.jpg 700w, https:\/\/eksenbir-insaat.com.tr\/public_html\/wp-content\/uploads\/2021\/12\/1542012683013-300x141.jpg 300w\" sizes=\"auto, (max-width: 700px) 100vw, 700px\" \/>\t\t\t\t\t\t\t\t\t\t\t\t\t\t\t<\/div>\n\t\t\t\t<\/div>\n\t\t\t\t\t<\/div>\n\t\t<\/div>\n\t\t\t\t\t\t\t<\/div>\n\t\t<\/section>\n\t\t\t\t\t\t<\/div>\n\t\t\t\t\t<\/div>\n\t\t","protected":false},"excerpt":{"rendered":"<p>Y\u00fckseltilmi\u015f D\u00f6\u015feme Veri merkezlerinin herhangi bir afet durumunda hasar almas\u0131 riskini en aza indirmek i\u00e7in uygulanan y\u00f6ntemlerden birisi de zemini ana yap\u0131dan m\u00fcmk\u00fcn olabildi\u011fince ba\u011f\u0131ms\u0131z hale getirmektir. Detayl\u0131 Bilgi \u00dclkemizde en fazla hasara yol a\u00e7an do\u011fal afetlerin ba\u015f\u0131nda deprem gelmektedir. Veri merkezi binas\u0131 yap\u0131sal olarak hi\u00e7 hasar almasa dahi i\u00e7erisinde bulunan sunucular\u0131n ve ekipmanlar\u0131n fiziksel&#8230;<\/p>\n","protected":false},"author":1,"featured_media":0,"parent":0,"menu_order":0,"comment_status":"closed","ping_status":"closed","template":"","meta":{"_kad_post_transparent":"","_kad_post_title":"hide","_kad_post_layout":"fullwidth","_kad_post_sidebar_id":"","_kad_post_content_style":"unboxed","_kad_post_vertical_padding":"hide","_kad_post_feature":"hide","_kad_post_feature_position":"","_kad_post_header":false,"_kad_post_footer":false,"footnotes":""},"class_list":["post-1956","page","type-page","status-publish","hentry"],"_links":{"self":[{"href":"https:\/\/eksenbir-insaat.com.tr\/public_html\/wp-json\/wp\/v2\/pages\/1956","targetHints":{"allow":["GET"]}}],"collection":[{"href":"https:\/\/eksenbir-insaat.com.tr\/public_html\/wp-json\/wp\/v2\/pages"}],"about":[{"href":"https:\/\/eksenbir-insaat.com.tr\/public_html\/wp-json\/wp\/v2\/types\/page"}],"author":[{"embeddable":true,"href":"https:\/\/eksenbir-insaat.com.tr\/public_html\/wp-json\/wp\/v2\/users\/1"}],"replies":[{"embeddable":true,"href":"https:\/\/eksenbir-insaat.com.tr\/public_html\/wp-json\/wp\/v2\/comments?post=1956"}],"version-history":[{"count":10,"href":"https:\/\/eksenbir-insaat.com.tr\/public_html\/wp-json\/wp\/v2\/pages\/1956\/revisions"}],"predecessor-version":[{"id":1996,"href":"https:\/\/eksenbir-insaat.com.tr\/public_html\/wp-json\/wp\/v2\/pages\/1956\/revisions\/1996"}],"wp:attachment":[{"href":"https:\/\/eksenbir-insaat.com.tr\/public_html\/wp-json\/wp\/v2\/media?parent=1956"}],"curies":[{"name":"wp","href":"https:\/\/api.w.org\/{rel}","templated":true}]}}