{"id":1909,"date":"2021-12-29T10:40:15","date_gmt":"2021-12-29T10:40:15","guid":{"rendered":"http:\/\/eksenbir-insaat.com.tr\/public_html\/?page_id=1909"},"modified":"2021-12-29T14:50:32","modified_gmt":"2021-12-29T14:50:32","slug":"kuvvetli-akim-panolar","status":"publish","type":"page","link":"https:\/\/eksenbir-insaat.com.tr\/public_html\/kuvvetli-akim-panolar\/","title":{"rendered":"Kuvvetli Ak\u0131m &#038; Elektrik Panolar\u0131"},"content":{"rendered":"\t\t<div data-elementor-type=\"wp-page\" data-elementor-id=\"1909\" class=\"elementor elementor-1909\" data-elementor-settings=\"[]\">\n\t\t\t\t\t\t\t<div class=\"elementor-section-wrap\">\n\t\t\t\t\t\t\t<section class=\"elementor-section elementor-top-section elementor-element elementor-element-15fffc88 elementor-section-height-min-height elementor-section-boxed elementor-section-height-default elementor-section-items-middle\" data-id=\"15fffc88\" data-element_type=\"section\" data-settings=\"{&quot;background_background&quot;:&quot;classic&quot;,&quot;shape_divider_top&quot;:&quot;opacity-tilt&quot;}\">\n\t\t\t\t\t\t\t<div class=\"elementor-background-overlay\"><\/div>\n\t\t\t\t\t\t<div class=\"elementor-shape elementor-shape-top\" data-negative=\"false\">\n\t\t\t<svg xmlns=\"http:\/\/www.w3.org\/2000\/svg\" viewBox=\"0 0 2600 131.1\" preserveAspectRatio=\"none\">\n\t<path class=\"elementor-shape-fill\" d=\"M0 0L2600 0 2600 69.1 0 0z\"\/>\n\t<path class=\"elementor-shape-fill\" style=\"opacity:0.5\" d=\"M0 0L2600 0 2600 69.1 0 69.1z\"\/>\n\t<path class=\"elementor-shape-fill\" style=\"opacity:0.25\" d=\"M2600 0L0 0 0 130.1 2600 69.1z\"\/>\n<\/svg>\t\t<\/div>\n\t\t\t\t\t<div class=\"elementor-container elementor-column-gap-default\">\n\t\t\t\t\t<div class=\"elementor-column elementor-col-100 elementor-top-column elementor-element elementor-element-8f8730a\" data-id=\"8f8730a\" data-element_type=\"column\">\n\t\t\t<div class=\"elementor-widget-wrap elementor-element-populated\">\n\t\t\t\t\t\t\t\t<div class=\"elementor-element elementor-element-35f37c62 elementor-widget elementor-widget-heading\" data-id=\"35f37c62\" data-element_type=\"widget\" data-widget_type=\"heading.default\">\n\t\t\t\t<div class=\"elementor-widget-container\">\n\t\t\t<h2 class=\"elementor-heading-title elementor-size-default\">Kuvvetli Ak\u0131m ve Elektrik Panolar\u0131<\/h2>\t\t<\/div>\n\t\t\t\t<\/div>\n\t\t\t\t<div class=\"elementor-element elementor-element-5b769ccd elementor-widget elementor-widget-text-editor\" data-id=\"5b769ccd\" data-element_type=\"widget\" data-widget_type=\"text-editor.default\">\n\t\t\t\t<div class=\"elementor-widget-container\">\n\t\t\t\t\t\t\t<p>Veri merkezleri kurulum esnas\u0131nda sistem devaml\u0131l\u0131\u011f\u0131, g\u00fcvenlik, kapasite gibi konularla birlikte enerji kullan\u0131m ve verimlili\u011fi de dikkat edilmesi gereken hususlard\u0131r.<\/p>\t\t\t\t\t\t<\/div>\n\t\t\t\t<\/div>\n\t\t\t\t<div class=\"elementor-element elementor-element-6d2faff2 elementor-align-left elementor-widget elementor-widget-button\" data-id=\"6d2faff2\" data-element_type=\"widget\" data-widget_type=\"button.default\">\n\t\t\t\t<div class=\"elementor-widget-container\">\n\t\t\t\t\t<div class=\"elementor-button-wrapper\">\n\t\t\t<a href=\"http:\/\/eksenbir-insaat.com.tr\/public_html\/iletisim\/\" class=\"elementor-button-link elementor-button elementor-size-sm\" role=\"button\">\n\t\t\t\t\t\t<span class=\"elementor-button-content-wrapper\">\n\t\t\t\t\t\t<span class=\"elementor-button-text\">Detayl\u0131 Bilgi<\/span>\n\t\t<\/span>\n\t\t\t\t\t<\/a>\n\t\t<\/div>\n\t\t\t\t<\/div>\n\t\t\t\t<\/div>\n\t\t\t\t\t<\/div>\n\t\t<\/div>\n\t\t\t\t\t\t\t<\/div>\n\t\t<\/section>\n\t\t\t\t<section class=\"elementor-section elementor-top-section elementor-element elementor-element-549b4c6f elementor-section-content-middle elementor-section-boxed elementor-section-height-default elementor-section-height-default\" data-id=\"549b4c6f\" data-element_type=\"section\">\n\t\t\t\t\t\t<div class=\"elementor-container elementor-column-gap-no\">\n\t\t\t\t\t<div class=\"elementor-column elementor-col-50 elementor-top-column elementor-element elementor-element-5cd8e990\" data-id=\"5cd8e990\" data-element_type=\"column\">\n\t\t\t<div class=\"elementor-widget-wrap elementor-element-populated\">\n\t\t\t\t\t\t\t\t<div class=\"elementor-element elementor-element-76a6563 elementor-view-default elementor-vertical-align-top elementor-widget elementor-widget-icon-box\" data-id=\"76a6563\" data-element_type=\"widget\" data-widget_type=\"icon-box.default\">\n\t\t\t\t<div class=\"elementor-widget-container\">\n\t\t\t\t\t<div class=\"elementor-icon-box-wrapper\">\n\t\t\t\t\t\t<div class=\"elementor-icon-box-content\">\n\t\t\t\t<h3 class=\"elementor-icon-box-title\">\n\t\t\t\t\t<span  >\n\t\t\t\t\t\t\t\t\t\t\t<\/span>\n\t\t\t\t<\/h3>\n\t\t\t\t\t\t\t\t\t<p class=\"elementor-icon-box-description\">\n\t\t\t\t\t\tKuvvetli Ak\u0131m; canl\u0131lar i\u00e7in yakla\u015fma ve dokunma gibi durumlarda \u00f6l\u00fcmc\u00fcl tehlike risklerini bar\u0131nd\u0131ran ve elektrik enerjisinin \u00fcretilmesini, \u00f6zelli\u011finin de\u011fi\u015ftirilmesini, biriktirilmesini, iletilmesini, da\u011f\u0131t\u0131lmas\u0131n\u0131, mekanik enerjiye, \u0131\u015f\u0131\u011fa, kimyasal enerjiye vb. enerjilere d\u00f6n\u00fc\u015ft\u00fcrerek kullan\u0131lmas\u0131n\u0131 sa\u011flayan sistemlerdir. Bu ak\u0131m\u0131 kullanan i\u015f yerlerinin kuvvetli ak\u0131m sistemlerinin yap\u0131land\u0131r\u0131lmas\u0131 a\u015famas\u0131 \u00e7ok \u00f6nemli bir konudur, Sonras\u0131nda da\u011f\u0131t\u0131m\u0131 yap\u0131lacak enerji ve di\u011fer ak\u0131m sistemleri bu sistemin sa\u011fl\u0131kl\u0131 \u00e7al\u0131\u015fmas\u0131na ba\u011fl\u0131d\u0131r.\n<br><br>\nBu nedenle iletken kesitleri, sigorta ak\u0131m\u0131n\u0131n de\u011ferleri, tesisat\u0131n alt yap\u0131 y\u00f6ntemi ve tesisatta kullan\u0131lan malzemelerin se\u00e7iminin yan\u0131 s\u0131ra motor ve \u015falter ba\u011flant\u0131lar\u0131 ile i\u015fletme ayd\u0131nlatmas\u0131n\u0131n do\u011fru yap\u0131lmas\u0131, maddi zarar\u0131 minimum d\u00fczeye indirecek derecede etkilidir.\n<br><br>\nEksenbir, kuvvetli ak\u0131m tesisleri y\u00f6netmeli\u011fine uygun olarak kablo se\u00e7imi, se\u00e7ilen kablolar\u0131n sisteme uygulanmas\u0131 ve topraklama yaparken kaliteli ve garantili malzemenin  kullan\u0131lmas\u0131n\u0131n yan\u0131 s\u0131ra, i\u015f g\u00fcvenli\u011fi i\u00e7in gerekli t\u00fcm \u00f6nlemleri projelerinde mutlak kural kabul ederek \u00e7al\u0131\u015fmalar\u0131na devam etmektedir.\n<br><br>\nEnerji t\u00fcketimini azaltmak veya ba\u015fka bir ifadeyle enerji verimlili\u011fini sa\u011flamak EKSENB\u0130R \u0130N\u015eAAT olarak ilk \u00f6nceli\u011fimiz olmu\u015ftur.\t\t\t\t\t<\/p>\n\t\t\t\t\t\t\t<\/div>\n\t\t<\/div>\n\t\t\t\t<\/div>\n\t\t\t\t<\/div>\n\t\t\t\t\t<\/div>\n\t\t<\/div>\n\t\t\t\t<div class=\"elementor-column elementor-col-50 elementor-top-column elementor-element elementor-element-45fad34f\" data-id=\"45fad34f\" data-element_type=\"column\">\n\t\t\t<div class=\"elementor-widget-wrap elementor-element-populated\">\n\t\t\t\t\t\t\t\t<div class=\"elementor-element elementor-element-6900209c elementor-widget elementor-widget-image\" data-id=\"6900209c\" data-element_type=\"widget\" data-widget_type=\"image.default\">\n\t\t\t\t<div class=\"elementor-widget-container\">\n\t\t\t\t\t\t\t\t\t\t\t\t\t\t\t<img loading=\"lazy\" decoding=\"async\" width=\"323\" height=\"480\" src=\"https:\/\/eksenbir-insaat.com.tr\/public_html\/wp-content\/uploads\/2021\/12\/pano-2.jpg\" class=\"attachment-full size-full\" alt=\"\" srcset=\"https:\/\/eksenbir-insaat.com.tr\/public_html\/wp-content\/uploads\/2021\/12\/pano-2.jpg 323w, https:\/\/eksenbir-insaat.com.tr\/public_html\/wp-content\/uploads\/2021\/12\/pano-2-202x300.jpg 202w\" sizes=\"auto, (max-width: 323px) 100vw, 323px\" \/>\t\t\t\t\t\t\t\t\t\t\t\t\t\t\t<\/div>\n\t\t\t\t<\/div>\n\t\t\t\t<div class=\"elementor-element elementor-element-d52d7bd elementor-widget elementor-widget-image\" data-id=\"d52d7bd\" data-element_type=\"widget\" data-widget_type=\"image.default\">\n\t\t\t\t<div class=\"elementor-widget-container\">\n\t\t\t\t\t\t\t\t\t\t\t\t\t\t\t<img loading=\"lazy\" decoding=\"async\" width=\"840\" height=\"631\" src=\"https:\/\/eksenbir-insaat.com.tr\/public_html\/wp-content\/uploads\/2021\/12\/bakirkoy-elektrikci-pano-montaji-degisimi-tamiri-2021053624-1.jpg\" class=\"attachment-full size-full\" alt=\"\" srcset=\"https:\/\/eksenbir-insaat.com.tr\/public_html\/wp-content\/uploads\/2021\/12\/bakirkoy-elektrikci-pano-montaji-degisimi-tamiri-2021053624-1.jpg 840w, https:\/\/eksenbir-insaat.com.tr\/public_html\/wp-content\/uploads\/2021\/12\/bakirkoy-elektrikci-pano-montaji-degisimi-tamiri-2021053624-1-300x225.jpg 300w, https:\/\/eksenbir-insaat.com.tr\/public_html\/wp-content\/uploads\/2021\/12\/bakirkoy-elektrikci-pano-montaji-degisimi-tamiri-2021053624-1-768x577.jpg 768w\" sizes=\"auto, (max-width: 840px) 100vw, 840px\" \/>\t\t\t\t\t\t\t\t\t\t\t\t\t\t\t<\/div>\n\t\t\t\t<\/div>\n\t\t\t\t\t<\/div>\n\t\t<\/div>\n\t\t\t\t\t\t\t<\/div>\n\t\t<\/section>\n\t\t\t\t\t\t<\/div>\n\t\t\t\t\t<\/div>\n\t\t","protected":false},"excerpt":{"rendered":"<p>Kuvvetli Ak\u0131m ve Elektrik Panolar\u0131 Veri merkezleri kurulum esnas\u0131nda sistem devaml\u0131l\u0131\u011f\u0131, g\u00fcvenlik, kapasite gibi konularla birlikte enerji kullan\u0131m ve verimlili\u011fi de dikkat edilmesi gereken hususlard\u0131r. Detayl\u0131 Bilgi Kuvvetli Ak\u0131m; canl\u0131lar i\u00e7in yakla\u015fma ve dokunma gibi durumlarda \u00f6l\u00fcmc\u00fcl tehlike risklerini bar\u0131nd\u0131ran ve elektrik enerjisinin \u00fcretilmesini, \u00f6zelli\u011finin de\u011fi\u015ftirilmesini, biriktirilmesini, iletilmesini, da\u011f\u0131t\u0131lmas\u0131n\u0131, mekanik enerjiye, \u0131\u015f\u0131\u011fa, kimyasal enerjiye vb&#8230;.<\/p>\n","protected":false},"author":1,"featured_media":0,"parent":0,"menu_order":0,"comment_status":"closed","ping_status":"closed","template":"","meta":{"_kad_post_transparent":"","_kad_post_title":"hide","_kad_post_layout":"fullwidth","_kad_post_sidebar_id":"","_kad_post_content_style":"unboxed","_kad_post_vertical_padding":"hide","_kad_post_feature":"hide","_kad_post_feature_position":"","_kad_post_header":false,"_kad_post_footer":false,"footnotes":""},"class_list":["post-1909","page","type-page","status-publish","hentry"],"_links":{"self":[{"href":"https:\/\/eksenbir-insaat.com.tr\/public_html\/wp-json\/wp\/v2\/pages\/1909","targetHints":{"allow":["GET"]}}],"collection":[{"href":"https:\/\/eksenbir-insaat.com.tr\/public_html\/wp-json\/wp\/v2\/pages"}],"about":[{"href":"https:\/\/eksenbir-insaat.com.tr\/public_html\/wp-json\/wp\/v2\/types\/page"}],"author":[{"embeddable":true,"href":"https:\/\/eksenbir-insaat.com.tr\/public_html\/wp-json\/wp\/v2\/users\/1"}],"replies":[{"embeddable":true,"href":"https:\/\/eksenbir-insaat.com.tr\/public_html\/wp-json\/wp\/v2\/comments?post=1909"}],"version-history":[{"count":10,"href":"https:\/\/eksenbir-insaat.com.tr\/public_html\/wp-json\/wp\/v2\/pages\/1909\/revisions"}],"predecessor-version":[{"id":2002,"href":"https:\/\/eksenbir-insaat.com.tr\/public_html\/wp-json\/wp\/v2\/pages\/1909\/revisions\/2002"}],"wp:attachment":[{"href":"https:\/\/eksenbir-insaat.com.tr\/public_html\/wp-json\/wp\/v2\/media?parent=1909"}],"curies":[{"name":"wp","href":"https:\/\/api.w.org\/{rel}","templated":true}]}}