{"id":1900,"date":"2021-12-29T10:31:33","date_gmt":"2021-12-29T10:31:33","guid":{"rendered":"http:\/\/eksenbir-insaat.com.tr\/public_html\/?page_id=1900"},"modified":"2021-12-29T14:50:57","modified_gmt":"2021-12-29T14:50:57","slug":"iklimlendirme","status":"publish","type":"page","link":"https:\/\/eksenbir-insaat.com.tr\/public_html\/iklimlendirme\/","title":{"rendered":"\u0130klimlendirme \u00c7\u00f6z\u00fcmleri"},"content":{"rendered":"\t\t<div data-elementor-type=\"wp-page\" data-elementor-id=\"1900\" class=\"elementor elementor-1900\" data-elementor-settings=\"[]\">\n\t\t\t\t\t\t\t<div class=\"elementor-section-wrap\">\n\t\t\t\t\t\t\t<section class=\"elementor-section elementor-top-section elementor-element elementor-element-15fffc88 elementor-section-height-min-height elementor-section-boxed elementor-section-height-default elementor-section-items-middle\" data-id=\"15fffc88\" data-element_type=\"section\" data-settings=\"{&quot;background_background&quot;:&quot;classic&quot;,&quot;shape_divider_top&quot;:&quot;opacity-tilt&quot;}\">\n\t\t\t\t\t\t\t<div class=\"elementor-background-overlay\"><\/div>\n\t\t\t\t\t\t<div class=\"elementor-shape elementor-shape-top\" data-negative=\"false\">\n\t\t\t<svg xmlns=\"http:\/\/www.w3.org\/2000\/svg\" viewBox=\"0 0 2600 131.1\" preserveAspectRatio=\"none\">\n\t<path class=\"elementor-shape-fill\" d=\"M0 0L2600 0 2600 69.1 0 0z\"\/>\n\t<path class=\"elementor-shape-fill\" style=\"opacity:0.5\" d=\"M0 0L2600 0 2600 69.1 0 69.1z\"\/>\n\t<path class=\"elementor-shape-fill\" style=\"opacity:0.25\" d=\"M2600 0L0 0 0 130.1 2600 69.1z\"\/>\n<\/svg>\t\t<\/div>\n\t\t\t\t\t<div class=\"elementor-container elementor-column-gap-default\">\n\t\t\t\t\t<div class=\"elementor-column elementor-col-100 elementor-top-column elementor-element elementor-element-8f8730a\" data-id=\"8f8730a\" data-element_type=\"column\">\n\t\t\t<div class=\"elementor-widget-wrap elementor-element-populated\">\n\t\t\t\t\t\t\t\t<div class=\"elementor-element elementor-element-35f37c62 elementor-widget elementor-widget-heading\" data-id=\"35f37c62\" data-element_type=\"widget\" data-widget_type=\"heading.default\">\n\t\t\t\t<div class=\"elementor-widget-container\">\n\t\t\t<h2 class=\"elementor-heading-title elementor-size-default\">\u0130klimlendirme \u00c7\u00f6z\u00fcmleri<\/h2>\t\t<\/div>\n\t\t\t\t<\/div>\n\t\t\t\t<div class=\"elementor-element elementor-element-5b769ccd elementor-widget elementor-widget-text-editor\" data-id=\"5b769ccd\" data-element_type=\"widget\" data-widget_type=\"text-editor.default\">\n\t\t\t\t<div class=\"elementor-widget-container\">\n\t\t\t\t\t\t\t<p>\u0130klimlendirme; veri merkezlerinde havan\u0131n temizlenmesi, s\u0131cakl\u0131k, so\u011fukluk, nem gibi de\u011ferlerin y\u00f6netilmesi ve hava ak\u0131\u015f\u0131n\u0131n sa\u011flanmas\u0131 amac\u0131yla d\u00fcnya standartlar\u0131 kapsam\u0131nda \u00f6l\u00e7eklendirilen bir s\u00fcre\u00e7 olarak tan\u0131mlanabilir.<\/p>\t\t\t\t\t\t<\/div>\n\t\t\t\t<\/div>\n\t\t\t\t<div class=\"elementor-element elementor-element-6d2faff2 elementor-align-left elementor-widget elementor-widget-button\" data-id=\"6d2faff2\" data-element_type=\"widget\" data-widget_type=\"button.default\">\n\t\t\t\t<div class=\"elementor-widget-container\">\n\t\t\t\t\t<div class=\"elementor-button-wrapper\">\n\t\t\t<a href=\"http:\/\/eksenbir-insaat.com.tr\/public_html\/iletisim\/\" class=\"elementor-button-link elementor-button elementor-size-sm\" role=\"button\">\n\t\t\t\t\t\t<span class=\"elementor-button-content-wrapper\">\n\t\t\t\t\t\t<span class=\"elementor-button-text\">Detayl\u0131 Bilgi<\/span>\n\t\t<\/span>\n\t\t\t\t\t<\/a>\n\t\t<\/div>\n\t\t\t\t<\/div>\n\t\t\t\t<\/div>\n\t\t\t\t\t<\/div>\n\t\t<\/div>\n\t\t\t\t\t\t\t<\/div>\n\t\t<\/section>\n\t\t\t\t<section class=\"elementor-section elementor-top-section elementor-element elementor-element-549b4c6f elementor-section-content-middle elementor-section-boxed elementor-section-height-default elementor-section-height-default\" data-id=\"549b4c6f\" data-element_type=\"section\">\n\t\t\t\t\t\t<div class=\"elementor-container elementor-column-gap-no\">\n\t\t\t\t\t<div class=\"elementor-column elementor-col-50 elementor-top-column elementor-element elementor-element-5cd8e990\" data-id=\"5cd8e990\" data-element_type=\"column\">\n\t\t\t<div class=\"elementor-widget-wrap elementor-element-populated\">\n\t\t\t\t\t\t\t\t<div class=\"elementor-element elementor-element-335ab0cf elementor-view-default elementor-vertical-align-top elementor-widget elementor-widget-icon-box\" data-id=\"335ab0cf\" data-element_type=\"widget\" data-widget_type=\"icon-box.default\">\n\t\t\t\t<div class=\"elementor-widget-container\">\n\t\t\t\t\t<div class=\"elementor-icon-box-wrapper\">\n\t\t\t\t\t\t<div class=\"elementor-icon-box-content\">\n\t\t\t\t<h3 class=\"elementor-icon-box-title\">\n\t\t\t\t\t<span  >\n\t\t\t\t\t\t\t\t\t\t\t<\/span>\n\t\t\t\t<\/h3>\n\t\t\t\t\t\t\t\t\t<p class=\"elementor-icon-box-description\">\n\t\t\t\t\t\tGenellikle yap\u0131lan hatalar\u0131n \u00f6n\u00fcne ge\u00e7mek i\u00e7in bu konudaki d\u00fcnya standartlar\u0131n\u0131n iyi bilinmesi gerekiyor. Hatalar\u0131n ba\u015f\u0131nda veri merkezlerinin so\u011futulmas\u0131 gelmektedir. Veri merkezinin kontroll\u00fc so\u011futulmas\u0131n\u0131n yan\u0131 s\u0131ra iklimlendirilmeye de ihtiyac\u0131 vard\u0131r. \u00c7\u00fcnk\u00fc veri merkezlerinde hizmet veren sunucu, depolama ayg\u0131tlar\u0131, yedekleme cihazlar\u0131, a\u011f bile\u015fenleri gibi BT ekipmanlar\u0131n\u0131n, \u00fcreticilerin belirledi\u011fi de\u011ferlerde so\u011futmas\u0131 ile beraber s\u0131cakl\u0131k, nem, hava ak\u0131\u015f\u0131 ve havan\u0131n temizlenmesine de ihtiya\u00e7lar\u0131 vard\u0131r. S\u00fcrekli \u00e7al\u0131\u015fan bu ekipmanlar\u0131n \u00fcrettikleri \u0131s\u0131 ve geni\u015fleyen i\u015f hacmi, artan ekipman say\u0131lar\u0131 nedeni ile iklimlendirilmi\u015f hava \u015fartlar\u0131n\u0131n bozulma e\u011filiminde olmas\u0131 s\u00fcrecin hassasiyetle de\u011ferlendirilmesi gereken bir konu oldu\u011funu g\u00f6stermektedir. Cihazlar\u0131n ihtiyac\u0131 olan oda \u015fartlar\u0131 sa\u011flanmazsa bu cihazlar kendi \u0131s\u0131tt\u0131klar\u0131 havayla beraber hata vermeye ve i\u015f s\u00fcreklili\u011fini etkilemeye ba\u015flarlar.\t\t\t\t\t<\/p>\n\t\t\t\t\t\t\t<\/div>\n\t\t<\/div>\n\t\t\t\t<\/div>\n\t\t\t\t<\/div>\n\t\t\t\t<div class=\"elementor-element elementor-element-6e5e3250 elementor-view-default elementor-vertical-align-top elementor-widget elementor-widget-icon-box\" data-id=\"6e5e3250\" data-element_type=\"widget\" data-widget_type=\"icon-box.default\">\n\t\t\t\t<div class=\"elementor-widget-container\">\n\t\t\t\t\t<div class=\"elementor-icon-box-wrapper\">\n\t\t\t\t\t\t<div class=\"elementor-icon-box-content\">\n\t\t\t\t<h3 class=\"elementor-icon-box-title\">\n\t\t\t\t\t<span  >\n\t\t\t\t\t\t\t\t\t\t\t<\/span>\n\t\t\t\t<\/h3>\n\t\t\t\t\t\t\t\t\t<p class=\"elementor-icon-box-description\">\n\t\t\t\t\t\tEksenbir olarak veri merkezlerinin ihtiya\u00e7lar\u0131 do\u011frultusunda en efektif \u00e7\u00f6z\u00fcmleri sunarak verimlili\u011fi en \u00fcst d\u00fczeye \u00e7\u0131kart\u0131yoruz.\t\t\t\t\t<\/p>\n\t\t\t\t\t\t\t<\/div>\n\t\t<\/div>\n\t\t\t\t<\/div>\n\t\t\t\t<\/div>\n\t\t\t\t\t<\/div>\n\t\t<\/div>\n\t\t\t\t<div class=\"elementor-column elementor-col-50 elementor-top-column elementor-element elementor-element-45fad34f\" data-id=\"45fad34f\" data-element_type=\"column\">\n\t\t\t<div class=\"elementor-widget-wrap elementor-element-populated\">\n\t\t\t\t\t\t\t\t<div class=\"elementor-element elementor-element-6900209c elementor-widget elementor-widget-image\" data-id=\"6900209c\" data-element_type=\"widget\" data-widget_type=\"image.default\">\n\t\t\t\t<div class=\"elementor-widget-container\">\n\t\t\t\t\t\t\t\t\t\t\t\t\t\t\t<img loading=\"lazy\" decoding=\"async\" width=\"768\" height=\"1024\" src=\"https:\/\/eksenbir-insaat.com.tr\/public_html\/wp-content\/uploads\/2021\/12\/Data-center-baru-3-Indonesia-di-Malang-tingkatkan-kecepatan-dan-kapasitas-internet-3-di-Jawa-Timur.jpg\" class=\"attachment-full size-full\" alt=\"\" srcset=\"https:\/\/eksenbir-insaat.com.tr\/public_html\/wp-content\/uploads\/2021\/12\/Data-center-baru-3-Indonesia-di-Malang-tingkatkan-kecepatan-dan-kapasitas-internet-3-di-Jawa-Timur.jpg 768w, https:\/\/eksenbir-insaat.com.tr\/public_html\/wp-content\/uploads\/2021\/12\/Data-center-baru-3-Indonesia-di-Malang-tingkatkan-kecepatan-dan-kapasitas-internet-3-di-Jawa-Timur-225x300.jpg 225w\" sizes=\"auto, (max-width: 768px) 100vw, 768px\" \/>\t\t\t\t\t\t\t\t\t\t\t\t\t\t\t<\/div>\n\t\t\t\t<\/div>\n\t\t\t\t<div class=\"elementor-element elementor-element-d52d7bd elementor-widget elementor-widget-image\" data-id=\"d52d7bd\" data-element_type=\"widget\" data-widget_type=\"image.default\">\n\t\t\t\t<div class=\"elementor-widget-container\">\n\t\t\t\t\t\t\t\t\t\t\t\t\t\t\t<img loading=\"lazy\" decoding=\"async\" width=\"2560\" height=\"1707\" src=\"https:\/\/eksenbir-insaat.com.tr\/public_html\/wp-content\/uploads\/2021\/12\/DataCen-02-scaled.jpg\" class=\"attachment-full size-full\" alt=\"\" srcset=\"https:\/\/eksenbir-insaat.com.tr\/public_html\/wp-content\/uploads\/2021\/12\/DataCen-02-scaled.jpg 2560w, https:\/\/eksenbir-insaat.com.tr\/public_html\/wp-content\/uploads\/2021\/12\/DataCen-02-300x200.jpg 300w, https:\/\/eksenbir-insaat.com.tr\/public_html\/wp-content\/uploads\/2021\/12\/DataCen-02-1024x683.jpg 1024w, https:\/\/eksenbir-insaat.com.tr\/public_html\/wp-content\/uploads\/2021\/12\/DataCen-02-768x512.jpg 768w, https:\/\/eksenbir-insaat.com.tr\/public_html\/wp-content\/uploads\/2021\/12\/DataCen-02-1536x1024.jpg 1536w, https:\/\/eksenbir-insaat.com.tr\/public_html\/wp-content\/uploads\/2021\/12\/DataCen-02-2048x1365.jpg 2048w\" sizes=\"auto, (max-width: 2560px) 100vw, 2560px\" \/>\t\t\t\t\t\t\t\t\t\t\t\t\t\t\t<\/div>\n\t\t\t\t<\/div>\n\t\t\t\t\t<\/div>\n\t\t<\/div>\n\t\t\t\t\t\t\t<\/div>\n\t\t<\/section>\n\t\t\t\t\t\t<\/div>\n\t\t\t\t\t<\/div>\n\t\t","protected":false},"excerpt":{"rendered":"<p>\u0130klimlendirme \u00c7\u00f6z\u00fcmleri \u0130klimlendirme; veri merkezlerinde havan\u0131n temizlenmesi, s\u0131cakl\u0131k, so\u011fukluk, nem gibi de\u011ferlerin y\u00f6netilmesi ve hava ak\u0131\u015f\u0131n\u0131n sa\u011flanmas\u0131 amac\u0131yla d\u00fcnya standartlar\u0131 kapsam\u0131nda \u00f6l\u00e7eklendirilen bir s\u00fcre\u00e7 olarak tan\u0131mlanabilir. Detayl\u0131 Bilgi Genellikle yap\u0131lan hatalar\u0131n \u00f6n\u00fcne ge\u00e7mek i\u00e7in bu konudaki d\u00fcnya standartlar\u0131n\u0131n iyi bilinmesi gerekiyor. Hatalar\u0131n ba\u015f\u0131nda veri merkezlerinin so\u011futulmas\u0131 gelmektedir. Veri merkezinin kontroll\u00fc so\u011futulmas\u0131n\u0131n yan\u0131 s\u0131ra iklimlendirilmeye de&#8230;<\/p>\n","protected":false},"author":1,"featured_media":0,"parent":0,"menu_order":0,"comment_status":"closed","ping_status":"closed","template":"","meta":{"_kad_post_transparent":"","_kad_post_title":"hide","_kad_post_layout":"fullwidth","_kad_post_sidebar_id":"","_kad_post_content_style":"unboxed","_kad_post_vertical_padding":"hide","_kad_post_feature":"hide","_kad_post_feature_position":"","_kad_post_header":false,"_kad_post_footer":false,"footnotes":""},"class_list":["post-1900","page","type-page","status-publish","hentry"],"_links":{"self":[{"href":"https:\/\/eksenbir-insaat.com.tr\/public_html\/wp-json\/wp\/v2\/pages\/1900","targetHints":{"allow":["GET"]}}],"collection":[{"href":"https:\/\/eksenbir-insaat.com.tr\/public_html\/wp-json\/wp\/v2\/pages"}],"about":[{"href":"https:\/\/eksenbir-insaat.com.tr\/public_html\/wp-json\/wp\/v2\/types\/page"}],"author":[{"embeddable":true,"href":"https:\/\/eksenbir-insaat.com.tr\/public_html\/wp-json\/wp\/v2\/users\/1"}],"replies":[{"embeddable":true,"href":"https:\/\/eksenbir-insaat.com.tr\/public_html\/wp-json\/wp\/v2\/comments?post=1900"}],"version-history":[{"count":10,"href":"https:\/\/eksenbir-insaat.com.tr\/public_html\/wp-json\/wp\/v2\/pages\/1900\/revisions"}],"predecessor-version":[{"id":2005,"href":"https:\/\/eksenbir-insaat.com.tr\/public_html\/wp-json\/wp\/v2\/pages\/1900\/revisions\/2005"}],"wp:attachment":[{"href":"https:\/\/eksenbir-insaat.com.tr\/public_html\/wp-json\/wp\/v2\/media?parent=1900"}],"curies":[{"name":"wp","href":"https:\/\/api.w.org\/{rel}","templated":true}]}}